{"id":1721,"date":"2024-08-18T21:54:29","date_gmt":"2024-08-19T01:54:29","guid":{"rendered":"https:\/\/new24.fourriverscharter.org\/conectar\/"},"modified":"2026-01-14T10:46:09","modified_gmt":"2026-01-14T14:46:09","slug":"conectar","status":"publish","type":"page","link":"https:\/\/new24.fourriverscharter.org\/es\/conectar\/","title":{"rendered":"Conectar"},"content":{"rendered":"\n<div class=\"wp-block-cover\" style=\"min-height:500px;aspect-ratio:unset;\"><span aria-hidden=\"true\" class=\"wp-block-cover__background has-background-dim-30 has-background-dim\" style=\"background-color:#7f7e7f\"><\/span><img decoding=\"async\" width=\"2560\" height=\"1920\" class=\"wp-block-cover__image-background wp-image-214 lazyload\" alt=\"Students pose at the top of a mountain\" data-src=\"https:\/\/new24.fourriverscharter.org\/wp-content\/uploads\/2024\/08\/WIW5-scaled.jpg\" style=\"--smush-placeholder-width: 2560px; --smush-placeholder-aspect-ratio: 2560\/1920;object-position:51% 45%\" data-object-fit=\"cover\" data-object-position=\"51% 45%\" data-srcset=\"https:\/\/new24.fourriverscharter.org\/wp-content\/uploads\/2024\/08\/WIW5-scaled.jpg 2560w, https:\/\/new24.fourriverscharter.org\/wp-content\/uploads\/2024\/08\/WIW5-300x225.jpg 300w, https:\/\/new24.fourriverscharter.org\/wp-content\/uploads\/2024\/08\/WIW5-1024x768.jpg 1024w, https:\/\/new24.fourriverscharter.org\/wp-content\/uploads\/2024\/08\/WIW5-768x576.jpg 768w, https:\/\/new24.fourriverscharter.org\/wp-content\/uploads\/2024\/08\/WIW5-1536x1152.jpg 1536w, https:\/\/new24.fourriverscharter.org\/wp-content\/uploads\/2024\/08\/WIW5-2048x1536.jpg 2048w\" data-sizes=\"(max-width: 2560px) 100vw, 2560px\" src=\"data:image\/svg+xml;base64,PHN2ZyB3aWR0aD0iMSIgaGVpZ2h0PSIxIiB4bWxucz0iaHR0cDovL3d3dy53My5vcmcvMjAwMC9zdmciPjwvc3ZnPg==\" \/><div class=\"wp-block-cover__inner-container has-global-padding is-layout-constrained wp-block-cover-is-layout-constrained\">\n<p class=\"has-text-align-center has-xxx-large-font-size\" style=\"font-style:normal;font-weight:600\">Conectar<\/p>\n<\/div><\/div>\n\n<div class=\"wp-block-columns is-layout-flex wp-container-core-columns-is-layout-28f84493 wp-block-columns-is-layout-flex\">\n<div class=\"wp-block-column is-layout-flow wp-block-column-is-layout-flow\">\n<div class=\"wp-block-group has-global-padding is-layout-constrained wp-container-core-group-is-layout-008843d7 wp-block-group-is-layout-constrained\" style=\"margin-top:var(--wp--preset--spacing--40);margin-bottom:var(--wp--preset--spacing--40);padding-top:var(--wp--preset--spacing--40);padding-right:var(--wp--preset--spacing--40);padding-bottom:var(--wp--preset--spacing--40);padding-left:var(--wp--preset--spacing--40)\">\n<h2 class=\"wp-block-heading\">\u00bfAntiguos alumnos de Four Rivers? \u00a1Nos encantar\u00eda saber de usted!<\/h2>\n\n\n\n<p>Esperamos que nos mantenga informados de las novedades en su vida. El formulario de actualizaci\u00f3n de antiguos alumnos le invita a compartir d\u00f3nde est\u00e1 y qu\u00e9 est\u00e1 pasando en su vida.<\/p>\n\n\n\n<p>Con su permiso, podemos compartir esta informaci\u00f3n en nuestras historias de antiguos alumnos o en un futuro bolet\u00edn de noticias para antiguos alumnos.<\/p>\n\n\n\n<div class=\"wp-block-buttons is-content-justification-center is-layout-flex wp-container-core-buttons-is-layout-a89b3969 wp-block-buttons-is-layout-flex\">\n<div class=\"wp-block-button\"><a class=\"wp-block-button__link has-text-align-center wp-element-button\" href=\"https:\/\/forms.gle\/mjLU4xfwsSiGf1Wb9\" target=\"_blank\" rel=\"noreferrer noopener\">Formulario de actualizaci\u00f3n de antiguos alumnos<\/a><\/div>\n<\/div>\n<\/div>\n<\/div>\n\n\n\n<div class=\"wp-block-column has-tertiary-background-color has-background is-layout-flow wp-block-column-is-layout-flow\">\n<div class=\"wp-block-group has-global-padding is-layout-constrained wp-container-core-group-is-layout-008843d7 wp-block-group-is-layout-constrained\" style=\"margin-top:var(--wp--preset--spacing--40);margin-bottom:var(--wp--preset--spacing--40);padding-top:var(--wp--preset--spacing--40);padding-right:var(--wp--preset--spacing--40);padding-bottom:var(--wp--preset--spacing--40);padding-left:var(--wp--preset--spacing--40)\">\n<h2 class=\"wp-block-heading has-text-align-center\">\u00a1Reserve la fecha!<\/h2>\n\n\n\n<p class=\"has-text-align-center has-large-font-size\">La decimosexta (casi) anual<\/p>\n\n\n\n<p class=\"has-text-align-center has-x-large-font-size\" style=\"font-style:normal;font-weight:600\">Jornada de puertas abiertas para antiguos alumnos<\/p>\n\n\n\n<p class=\"has-text-align-center has-medium-font-size\">Viernes, 20 de diciembre de 2024<\/p>\n\n\n\n<p class=\"has-text-align-center\">10:00 &#8211; 12:00<\/p>\n\n\n\n<p class=\"has-text-align-center has-medium-font-size\">\u00a1Pronto habr\u00e1 m\u00e1s informaci\u00f3n!<\/p>\n<\/div>\n<\/div>\n<\/div>\n","protected":false},"excerpt":{"rendered":"<p>\u00bfAntiguos alumnos de Four Rivers? \u00a1Nos encantar\u00eda saber de usted! Esperamos que nos mantenga informados de las novedades en su vida. El formulario de actualizaci\u00f3n de antiguos alumnos le invita a compartir d\u00f3nde est\u00e1 y qu\u00e9 est\u00e1 pasando en su vida. Con su permiso, podemos compartir esta informaci\u00f3n en nuestras historias de antiguos alumnos o [&hellip;]<\/p>\n","protected":false},"author":1,"featured_media":0,"parent":0,"menu_order":0,"comment_status":"closed","ping_status":"closed","template":"","meta":{"footnotes":""},"folder":[19],"class_list":["post-1721","page","type-page","status-publish","hentry"],"_links":{"self":[{"href":"https:\/\/new24.fourriverscharter.org\/es\/wp-json\/wp\/v2\/pages\/1721","targetHints":{"allow":["GET"]}}],"collection":[{"href":"https:\/\/new24.fourriverscharter.org\/es\/wp-json\/wp\/v2\/pages"}],"about":[{"href":"https:\/\/new24.fourriverscharter.org\/es\/wp-json\/wp\/v2\/types\/page"}],"author":[{"embeddable":true,"href":"https:\/\/new24.fourriverscharter.org\/es\/wp-json\/wp\/v2\/users\/1"}],"replies":[{"embeddable":true,"href":"https:\/\/new24.fourriverscharter.org\/es\/wp-json\/wp\/v2\/comments?post=1721"}],"version-history":[{"count":1,"href":"https:\/\/new24.fourriverscharter.org\/es\/wp-json\/wp\/v2\/pages\/1721\/revisions"}],"predecessor-version":[{"id":1722,"href":"https:\/\/new24.fourriverscharter.org\/es\/wp-json\/wp\/v2\/pages\/1721\/revisions\/1722"}],"wp:attachment":[{"href":"https:\/\/new24.fourriverscharter.org\/es\/wp-json\/wp\/v2\/media?parent=1721"}],"wp:term":[{"taxonomy":"folder","embeddable":true,"href":"https:\/\/new24.fourriverscharter.org\/es\/wp-json\/wp\/v2\/folder?post=1721"}],"curies":[{"name":"wp","href":"https:\/\/api.w.org\/{rel}","templated":true}]}}