{"id":1723,"date":"2024-08-18T22:12:30","date_gmt":"2024-08-19T02:12:30","guid":{"rendered":"https:\/\/new24.fourriverscharter.org\/eventos\/"},"modified":"2026-01-14T10:46:09","modified_gmt":"2026-01-14T14:46:09","slug":"eventos","status":"publish","type":"page","link":"https:\/\/new24.fourriverscharter.org\/es\/eventos\/","title":{"rendered":"Eventos"},"content":{"rendered":"\n<div class=\"wp-block-cover\" style=\"font-style:normal;font-weight:600\"><span aria-hidden=\"true\" class=\"wp-block-cover__background has-background-dim-30 has-background-dim\" style=\"background-color:#6c6c65\"><\/span><img decoding=\"async\" width=\"2560\" height=\"1707\" class=\"wp-block-cover__image-background wp-image-572 lazyload\" alt=\"Circle of students\" data-src=\"https:\/\/new24.fourriverscharter.org\/wp-content\/uploads\/2024\/08\/P1070272-scaled.jpg\" data-object-fit=\"cover\" data-srcset=\"https:\/\/new24.fourriverscharter.org\/wp-content\/uploads\/2024\/08\/P1070272-scaled.jpg 2560w, https:\/\/new24.fourriverscharter.org\/wp-content\/uploads\/2024\/08\/P1070272-300x200.jpg 300w, https:\/\/new24.fourriverscharter.org\/wp-content\/uploads\/2024\/08\/P1070272-1024x683.jpg 1024w, https:\/\/new24.fourriverscharter.org\/wp-content\/uploads\/2024\/08\/P1070272-768x512.jpg 768w, https:\/\/new24.fourriverscharter.org\/wp-content\/uploads\/2024\/08\/P1070272-1536x1024.jpg 1536w, https:\/\/new24.fourriverscharter.org\/wp-content\/uploads\/2024\/08\/P1070272-2048x1365.jpg 2048w\" data-sizes=\"(max-width: 2560px) 100vw, 2560px\" src=\"data:image\/svg+xml;base64,PHN2ZyB3aWR0aD0iMSIgaGVpZ2h0PSIxIiB4bWxucz0iaHR0cDovL3d3dy53My5vcmcvMjAwMC9zdmciPjwvc3ZnPg==\" style=\"--smush-placeholder-width: 2560px; --smush-placeholder-aspect-ratio: 2560\/1707;\" \/><div class=\"wp-block-cover__inner-container has-global-padding is-layout-constrained wp-block-cover-is-layout-constrained\">\n<p class=\"has-text-align-center has-xxx-large-font-size\">Eventos<\/p>\n<\/div><\/div>\n\n<div class=\"wp-block-columns is-layout-flex wp-container-core-columns-is-layout-28f84493 wp-block-columns-is-layout-flex\">\n<div class=\"wp-block-column is-layout-flow wp-container-core-column-is-layout-996288d1 wp-block-column-is-layout-flow\" style=\"padding-top:var(--wp--preset--spacing--40);padding-right:var(--wp--preset--spacing--40);padding-bottom:var(--wp--preset--spacing--40);padding-left:var(--wp--preset--spacing--40)\">\n<div class=\"wp-block-group has-global-padding is-layout-constrained wp-block-group-is-layout-constrained\">\n<h2 class=\"wp-block-heading\">Eventos p\u00fablicos<\/h2>\n\n\n\n<p>A lo largo del a\u00f1o, Four Rivers organiza eventos para nuestra comunidad local, as\u00ed como para los futuros estudiantes y sus familias.<\/p>\n\n\n\n<p>Asistir a un evento de Four Rivers es una excelente manera de aprender sobre la escuela.<\/p>\n\n\n\n<p>\u00a1Mant\u00e9ngase atento al calendario de eventos escolares y a nuestra p\u00e1gina de Facebook para conocer los pr\u00f3ximos eventos!<\/p>\n\n\n\n<h3 class=\"wp-block-heading\">Pr\u00f3ximamente<\/h3>\n\n\n\n<ul class=\"wp-block-list\">\n<li>Enero y febrero: Sesiones informativas de Four Rivers para futuros estudiantes y familias<\/li>\n\n\n\n<li>7 de febrero de 2025: Espect\u00e1culo de variedades en el Shea Theater<\/li>\n\n\n\n<li>28 de febrero y 1 de marzo de 2025: Producci\u00f3n del club de teatro<\/li>\n<\/ul>\n\n\n\n<p><\/p>\n<\/div>\n<\/div>\n\n\n\n<div class=\"wp-block-column is-layout-flow wp-block-column-is-layout-flow\">\n<iframe data-src=\"https:\/\/calendar.google.com\/calendar\/embed?src=fourriverscharter.org_gnqr35d3ru3pshbgn451dfnt8o%40group.calendar.google.com&#038;ctz=America%2FNew_York\" style=\"border: 0\" width=\"800\" height=\"600\" frameborder=\"0\" scrolling=\"no\" src=\"data:image\/svg+xml;base64,PHN2ZyB3aWR0aD0iMSIgaGVpZ2h0PSIxIiB4bWxucz0iaHR0cDovL3d3dy53My5vcmcvMjAwMC9zdmciPjwvc3ZnPg==\" class=\"lazyload\" data-load-mode=\"1\"><\/iframe>\n<\/div>\n<\/div>\n","protected":false},"excerpt":{"rendered":"<p>Eventos p\u00fablicos A lo largo del a\u00f1o, Four Rivers organiza eventos para nuestra comunidad local, as\u00ed como para los futuros estudiantes y sus familias. Asistir a un evento de Four Rivers es una excelente manera de aprender sobre la escuela. \u00a1Mant\u00e9ngase atento al calendario de eventos escolares y a nuestra p\u00e1gina de Facebook para conocer [&hellip;]<\/p>\n","protected":false},"author":1,"featured_media":0,"parent":0,"menu_order":0,"comment_status":"closed","ping_status":"closed","template":"","meta":{"footnotes":""},"folder":[16],"class_list":["post-1723","page","type-page","status-publish","hentry"],"_links":{"self":[{"href":"https:\/\/new24.fourriverscharter.org\/es\/wp-json\/wp\/v2\/pages\/1723","targetHints":{"allow":["GET"]}}],"collection":[{"href":"https:\/\/new24.fourriverscharter.org\/es\/wp-json\/wp\/v2\/pages"}],"about":[{"href":"https:\/\/new24.fourriverscharter.org\/es\/wp-json\/wp\/v2\/types\/page"}],"author":[{"embeddable":true,"href":"https:\/\/new24.fourriverscharter.org\/es\/wp-json\/wp\/v2\/users\/1"}],"replies":[{"embeddable":true,"href":"https:\/\/new24.fourriverscharter.org\/es\/wp-json\/wp\/v2\/comments?post=1723"}],"version-history":[{"count":1,"href":"https:\/\/new24.fourriverscharter.org\/es\/wp-json\/wp\/v2\/pages\/1723\/revisions"}],"predecessor-version":[{"id":1724,"href":"https:\/\/new24.fourriverscharter.org\/es\/wp-json\/wp\/v2\/pages\/1723\/revisions\/1724"}],"wp:attachment":[{"href":"https:\/\/new24.fourriverscharter.org\/es\/wp-json\/wp\/v2\/media?parent=1723"}],"wp:term":[{"taxonomy":"folder","embeddable":true,"href":"https:\/\/new24.fourriverscharter.org\/es\/wp-json\/wp\/v2\/folder?post=1723"}],"curies":[{"name":"wp","href":"https:\/\/api.w.org\/{rel}","templated":true}]}}