{"id":1725,"date":"2024-08-18T21:54:48","date_gmt":"2024-08-19T01:54:48","guid":{"rendered":"https:\/\/new24.fourriverscharter.org\/donaciones\/"},"modified":"2026-01-14T10:46:09","modified_gmt":"2026-01-14T14:46:09","slug":"donaciones","status":"publish","type":"page","link":"https:\/\/new24.fourriverscharter.org\/es\/donaciones\/","title":{"rendered":"Donaciones"},"content":{"rendered":"\n<div class=\"wp-block-cover is-light\"><span aria-hidden=\"true\" class=\"wp-block-cover__background has-background-dim\" style=\"background-color:#927e76\"><\/span><img decoding=\"async\" width=\"2560\" height=\"1437\" class=\"wp-block-cover__image-background wp-image-236 lazyload\" alt=\"Two clasped hands\" data-src=\"https:\/\/new24.fourriverscharter.org\/wp-content\/uploads\/2024\/08\/Hands-scaled.jpg\" data-object-fit=\"cover\" data-srcset=\"https:\/\/new24.fourriverscharter.org\/wp-content\/uploads\/2024\/08\/Hands-scaled.jpg 2560w, https:\/\/new24.fourriverscharter.org\/wp-content\/uploads\/2024\/08\/Hands-300x168.jpg 300w, https:\/\/new24.fourriverscharter.org\/wp-content\/uploads\/2024\/08\/Hands-1024x575.jpg 1024w, https:\/\/new24.fourriverscharter.org\/wp-content\/uploads\/2024\/08\/Hands-768x431.jpg 768w, https:\/\/new24.fourriverscharter.org\/wp-content\/uploads\/2024\/08\/Hands-1536x862.jpg 1536w, https:\/\/new24.fourriverscharter.org\/wp-content\/uploads\/2024\/08\/Hands-2048x1150.jpg 2048w\" data-sizes=\"(max-width: 2560px) 100vw, 2560px\" src=\"data:image\/svg+xml;base64,PHN2ZyB3aWR0aD0iMSIgaGVpZ2h0PSIxIiB4bWxucz0iaHR0cDovL3d3dy53My5vcmcvMjAwMC9zdmciPjwvc3ZnPg==\" style=\"--smush-placeholder-width: 2560px; --smush-placeholder-aspect-ratio: 2560\/1437;\" \/><div class=\"wp-block-cover__inner-container has-global-padding is-layout-constrained wp-block-cover-is-layout-constrained\">\n<p class=\"has-text-align-center has-xxx-large-font-size\" style=\"font-style:normal;font-weight:600\">Donaciones<\/p>\n<\/div><\/div>\n\n<div class=\"wp-block-columns is-layout-flex wp-container-core-columns-is-layout-28f84493 wp-block-columns-is-layout-flex\">\n<div class=\"wp-block-column is-layout-flow wp-block-column-is-layout-flow\">\n<div class=\"wp-block-group has-global-padding is-layout-constrained wp-container-core-group-is-layout-1e173b47 wp-block-group-is-layout-constrained\" style=\"margin-top:var(--wp--preset--spacing--40);margin-bottom:var(--wp--preset--spacing--40);padding-top:var(--wp--preset--spacing--40);padding-right:var(--wp--preset--spacing--40);padding-bottom:var(--wp--preset--spacing--40);padding-left:var(--wp--preset--spacing--40)\">\n<h2 class=\"wp-block-heading has-text-align-center\">Campa\u00f1a del Fondo de Sostenibilidad<\/h2>\n\n\n\n<div class=\"wp-block-buttons is-content-justification-center is-layout-flex wp-container-core-buttons-is-layout-a89b3969 wp-block-buttons-is-layout-flex\">\n<div class=\"wp-block-button\"><a class=\"wp-block-button__link wp-element-button\" href=\"https:\/\/www.paypal.com\/donate\/?cmd=_s-xclick&amp;hosted_button_id=9P84DTJA8M928&amp;ssrt=1702867698582\" target=\"_blank\" rel=\"noreferrer noopener\">Donar a trav\u00e9s de Paypal<\/a><\/div>\n<\/div>\n\n\n\n<p class=\"has-secondary-color has-text-color has-link-color has-medium-font-size wp-elements-68e1bf3274eee989e656fb75809a7c61\">En Four Rivers, una parte esencial para cumplir nuestra misi\u00f3n es <strong>proporcionar oportunidades de aprendizaje que lleven a los estudiantes m\u00e1s all\u00e1 de las paredes de nuestras aulas<\/strong>.<\/p>\n\n\n\n<p class=\"has-secondary-color has-text-color has-link-color has-medium-font-size wp-elements-52665eb109f9ad66706317a530424efe\">Los alumnos de \u00faltimo a\u00f1o viajan por Nueva Inglaterra para entrevistar a expertos locales y <strong>grabar im\u00e1genes para su documental<\/strong>. <\/p>\n\n\n\n<p class=\"has-secondary-color has-text-color has-link-color has-medium-font-size wp-elements-f2100243dea875d6b52db2403bf9b077\">Los alumnos de pen\u00faltimo a\u00f1o participan en una <strong>semana de pr\u00e1cticas<\/strong> y crean sus propios cortometrajes. <\/p>\n\n\n\n<p class=\"has-secondary-color has-text-color has-link-color has-medium-font-size wp-elements-7a08e68ca141aa5a44d26e750bf727d7\">Los alumnos de d\u00e9cimo grado <strong>viajan a Washington, D.C.<\/strong> para recorrer el capitolio y reunirse con nuestros representantes locales.  <\/p>\n<\/div>\n<\/div>\n\n\n\n<div class=\"wp-block-column has-primary-background-color has-background is-layout-flow wp-block-column-is-layout-flow\">\n<div class=\"wp-block-group has-global-padding is-layout-constrained wp-container-core-group-is-layout-59ed1774 wp-block-group-is-layout-constrained\" style=\"margin-top:var(--wp--preset--spacing--60);margin-bottom:var(--wp--preset--spacing--60);padding-top:var(--wp--preset--spacing--40);padding-right:var(--wp--preset--spacing--40);padding-bottom:var(--wp--preset--spacing--40);padding-left:var(--wp--preset--spacing--40)\">\n<p class=\"has-base-color has-text-color has-link-color has-large-font-size wp-elements-fc8247e62ed9d1a0006cd19270e41464\"><em>\u201cLos proyectos que ha completado la clase de mi hijo no solo le han proporcionado una <strong>s\u00f3lida educaci\u00f3n<\/strong> en las materias, sino que a menudo han tenido un <strong>impacto en la comunidad en general<\/strong>. Las expectativas son claras y <strong>el list\u00f3n est\u00e1 alto<\/strong>\u201d. <\/em><\/p>\n\n\n\n<p class=\"has-base-color has-text-color has-link-color has-medium-font-size wp-elements-a2cf7e2185c8161f1d99d0dd6b4b5527\"><em>-Encuesta a padres de Four Rivers <\/em><\/p>\n<\/div>\n<\/div>\n<\/div>\n\n<div class=\"wp-block-columns is-layout-flex wp-container-core-columns-is-layout-28f84493 wp-block-columns-is-layout-flex\">\n<div class=\"wp-block-column is-layout-flow wp-block-column-is-layout-flow\">\n<div class=\"wp-block-group has-global-padding is-layout-constrained wp-block-group-is-layout-constrained has-background lazyload\" style=\"min-height:100%;background-image:inherit;background-position:46% 57.99999999999999%;background-size:cover;\" data-bg-image=\"url(&amp;apos;https:\/\/new24.fourriverscharter.org\/wp-content\/uploads\/2024\/08\/IMG_0314-scaled.jpg&amp;apos;)\"><\/div>\n<\/div>\n\n\n\n<div class=\"wp-block-column is-layout-flow wp-block-column-is-layout-flow\">\n<div class=\"wp-block-group has-global-padding is-layout-constrained wp-container-core-group-is-layout-1e173b47 wp-block-group-is-layout-constrained\" style=\"margin-top:var(--wp--preset--spacing--40);margin-bottom:var(--wp--preset--spacing--40);padding-top:var(--wp--preset--spacing--40);padding-right:var(--wp--preset--spacing--40);padding-bottom:var(--wp--preset--spacing--40);padding-left:var(--wp--preset--spacing--40)\">\n<p class=\"has-secondary-color has-text-color has-link-color has-medium-font-size wp-elements-7c97d949cc3477b506a3d1e4edf7f322\">Los alumnos de noveno grado visitan granjas locales, proporcionando un contexto del mundo real para su <strong>aprendizaje sobre agricultura y sistemas alimentarios<\/strong>. <\/p>\n\n\n\n<p class=\"has-secondary-color has-text-color has-link-color has-medium-font-size wp-elements-3c3ad1c9d6aafafeb65682960d3afb66\">En la escuela intermedia, los estudiantes visitan GCC, museos y r\u00edos para <strong>realizar investigaciones para su proyecto Postales del Pasado<\/strong> y entrevistar a defensores locales para su <strong>expedici\u00f3n al Condado de Franklin habitable<\/strong>.<\/p>\n\n\n\n<p class=\"has-secondary-color has-text-color has-link-color has-medium-font-size wp-elements-7bf9834fc4ed12843cf842cea61e70fb\">A trav\u00e9s de <strong>cursos intensivos<\/strong>, llevamos a los estudiantes a la naturaleza, a nuestros cuatro r\u00edos, a universidades en todas las direcciones, a las Monta\u00f1as Blancas, a despensas de alimentos locales, a parques de patinaje y m\u00e1s. <\/p>\n\n\n\n<p class=\"has-secondary-color has-text-color has-link-color has-medium-font-size wp-elements-5fc023d09d33bfd67e7c65613f86743b\"><strong>Ofrecemos estas experiencias sin cobrar tarifas adicionales a los estudiantes<\/strong>. <\/p>\n<\/div>\n<\/div>\n<\/div>\n\n<div class=\"wp-block-columns is-layout-flex wp-container-core-columns-is-layout-28f84493 wp-block-columns-is-layout-flex\">\n<div class=\"wp-block-column is-layout-flow wp-block-column-is-layout-flow\">\n<div class=\"wp-block-group has-tertiary-background-color has-background has-global-padding is-layout-constrained wp-container-core-group-is-layout-9bb6212f wp-block-group-is-layout-constrained\" style=\"margin-top:0;margin-bottom:0;padding-top:var(--wp--preset--spacing--50);padding-right:var(--wp--preset--spacing--40);padding-bottom:var(--wp--preset--spacing--50);padding-left:var(--wp--preset--spacing--40)\">\n<p class=\"has-secondary-color has-text-color has-link-color has-medium-font-size wp-elements-f518999bc3341b77345a6fec632ea135\"><strong>El dinero que recaudamos a trav\u00e9s del Fondo de Sostenibilidad apoya nuestras Expediciones y Cursos Intensivos. <\/strong> <\/p>\n\n\n\n<p class=\"has-secondary-color has-text-color has-link-color has-medium-font-size wp-elements-01d0715c0796dd2fc0dd58f02c070a64\">Llamamos a esta campa\u00f1a nuestro <strong>Fondo de Sostenibilidad<\/strong>, en parte porque el dinero recaudado ayuda a nuestros estudiantes a aprender cosas que <strong>contribuyen a la sostenibilidad del mundo<\/strong> y en parte porque apoya la <strong>sostenibilidad de nuestra escuela<\/strong>. <\/p>\n\n\n\n<p class=\"has-secondary-color has-text-color has-link-color has-medium-font-size wp-elements-e570b4899813dd946154ebffc78c537e\"><strong>Gracias por donar lo que pueda para apoyar a nuestros estudiantes y su participaci\u00f3n en estos programas transformadores.<\/strong><\/p>\n\n\n\n<div class=\"wp-block-buttons is-content-justification-center is-layout-flex wp-container-core-buttons-is-layout-a89b3969 wp-block-buttons-is-layout-flex\">\n<div class=\"wp-block-button\"><a class=\"wp-block-button__link wp-element-button\" href=\"https:\/\/www.paypal.com\/donate\/?cmd=_s-xclick&amp;hosted_button_id=9P84DTJA8M928&amp;ssrt=1702867698582\" target=\"_blank\" rel=\"noreferrer noopener\">Donar a trav\u00e9s de Paypal<\/a><\/div>\n<\/div>\n<\/div>\n<\/div>\n\n\n\n<div class=\"wp-block-column is-layout-flow wp-block-column-is-layout-flow\">\n<div class=\"wp-block-group is-layout-flow wp-block-group-is-layout-flow has-background lazyload\" style=\"min-height:100%;background-image:inherit;background-position:53% 39%;background-size:cover;\" data-bg-image=\"url(&amp;apos;https:\/\/new24.fourriverscharter.org\/wp-content\/uploads\/2024\/08\/Intensives3-scaled.jpg&amp;apos;)\"><\/div>\n<\/div>\n<\/div>\n\n<p><\/p>\n","protected":false},"excerpt":{"rendered":"<p>Campa\u00f1a del Fondo de Sostenibilidad En Four Rivers, una parte esencial para cumplir nuestra misi\u00f3n es proporcionar oportunidades de aprendizaje que lleven a los estudiantes m\u00e1s all\u00e1 de las paredes de nuestras aulas. Los alumnos de \u00faltimo a\u00f1o viajan por Nueva Inglaterra para entrevistar a expertos locales y grabar im\u00e1genes para su documental. Los alumnos [&hellip;]<\/p>\n","protected":false},"author":1,"featured_media":0,"parent":0,"menu_order":0,"comment_status":"closed","ping_status":"closed","template":"","meta":{"footnotes":""},"folder":[18],"class_list":["post-1725","page","type-page","status-publish","hentry"],"_links":{"self":[{"href":"https:\/\/new24.fourriverscharter.org\/es\/wp-json\/wp\/v2\/pages\/1725","targetHints":{"allow":["GET"]}}],"collection":[{"href":"https:\/\/new24.fourriverscharter.org\/es\/wp-json\/wp\/v2\/pages"}],"about":[{"href":"https:\/\/new24.fourriverscharter.org\/es\/wp-json\/wp\/v2\/types\/page"}],"author":[{"embeddable":true,"href":"https:\/\/new24.fourriverscharter.org\/es\/wp-json\/wp\/v2\/users\/1"}],"replies":[{"embeddable":true,"href":"https:\/\/new24.fourriverscharter.org\/es\/wp-json\/wp\/v2\/comments?post=1725"}],"version-history":[{"count":1,"href":"https:\/\/new24.fourriverscharter.org\/es\/wp-json\/wp\/v2\/pages\/1725\/revisions"}],"predecessor-version":[{"id":1727,"href":"https:\/\/new24.fourriverscharter.org\/es\/wp-json\/wp\/v2\/pages\/1725\/revisions\/1727"}],"wp:attachment":[{"href":"https:\/\/new24.fourriverscharter.org\/es\/wp-json\/wp\/v2\/media?parent=1725"}],"wp:term":[{"taxonomy":"folder","embeddable":true,"href":"https:\/\/new24.fourriverscharter.org\/es\/wp-json\/wp\/v2\/folder?post=1725"}],"curies":[{"name":"wp","href":"https:\/\/api.w.org\/{rel}","templated":true}]}}