{"id":1726,"date":"2024-08-18T22:12:48","date_gmt":"2024-08-19T02:12:48","guid":{"rendered":"https:\/\/new24.fourriverscharter.org\/galeria-de-trabajos-de-estudiantes\/"},"modified":"2026-01-14T10:46:09","modified_gmt":"2026-01-14T14:46:09","slug":"galeria-de-trabajos-de-estudiantes","status":"publish","type":"page","link":"https:\/\/new24.fourriverscharter.org\/es\/galeria-de-trabajos-de-estudiantes\/","title":{"rendered":"Galer\u00eda de trabajos de estudiantes"},"content":{"rendered":"\n<div class=\"wp-block-cover\" style=\"font-style:normal;font-weight:600;min-height:500px;aspect-ratio:unset;\"><span aria-hidden=\"true\" class=\"wp-block-cover__background has-background-dim-30 has-background-dim\" style=\"background-color:#ab9786\"><\/span><img decoding=\"async\" width=\"2560\" height=\"1920\" class=\"wp-block-cover__image-background wp-image-559 lazyload\" alt=\"Students row a cardboard boat\" data-src=\"https:\/\/new24.fourriverscharter.org\/wp-content\/uploads\/2024\/08\/ER016394-scaled.jpg\" style=\"--smush-placeholder-width: 2560px; --smush-placeholder-aspect-ratio: 2560\/1920;object-position:58% 63%\" data-object-fit=\"cover\" data-object-position=\"58% 63%\" data-srcset=\"https:\/\/new24.fourriverscharter.org\/wp-content\/uploads\/2024\/08\/ER016394-scaled.jpg 2560w, https:\/\/new24.fourriverscharter.org\/wp-content\/uploads\/2024\/08\/ER016394-300x225.jpg 300w, https:\/\/new24.fourriverscharter.org\/wp-content\/uploads\/2024\/08\/ER016394-1024x768.jpg 1024w, https:\/\/new24.fourriverscharter.org\/wp-content\/uploads\/2024\/08\/ER016394-768x576.jpg 768w, https:\/\/new24.fourriverscharter.org\/wp-content\/uploads\/2024\/08\/ER016394-1536x1152.jpg 1536w, https:\/\/new24.fourriverscharter.org\/wp-content\/uploads\/2024\/08\/ER016394-2048x1536.jpg 2048w\" data-sizes=\"(max-width: 2560px) 100vw, 2560px\" src=\"data:image\/svg+xml;base64,PHN2ZyB3aWR0aD0iMSIgaGVpZ2h0PSIxIiB4bWxucz0iaHR0cDovL3d3dy53My5vcmcvMjAwMC9zdmciPjwvc3ZnPg==\" \/><div class=\"wp-block-cover__inner-container is-layout-flow wp-block-cover-is-layout-flow\">\n<p class=\"has-text-align-center has-xxx-large-font-size\">Galer\u00eda de trabajos de estudiantes<\/p>\n<\/div><\/div>\n\n<div class=\"wp-block-columns is-layout-flex wp-container-core-columns-is-layout-28f84493 wp-block-columns-is-layout-flex\">\n<div class=\"wp-block-column has-tertiary-background-color has-background is-layout-flow wp-block-column-is-layout-flow\">\n<figure class=\"wp-block-embed is-type-video is-provider-youtube wp-block-embed-youtube wp-embed-aspect-16-9 wp-has-aspect-ratio\" style=\"margin-top:0;margin-bottom:0\"><div class=\"wp-block-embed__wrapper\">\n<iframe title=\"The Roots of Change: 2024 Senior Documentary\" width=\"500\" height=\"281\" data-src=\"https:\/\/www.youtube.com\/embed\/-ZgnGqvS3Sc?feature=oembed\" frameborder=\"0\" allow=\"accelerometer; autoplay; clipboard-write; encrypted-media; gyroscope; picture-in-picture; web-share\" referrerpolicy=\"strict-origin-when-cross-origin\" allowfullscreen src=\"data:image\/svg+xml;base64,PHN2ZyB3aWR0aD0iMSIgaGVpZ2h0PSIxIiB4bWxucz0iaHR0cDovL3d3dy53My5vcmcvMjAwMC9zdmciPjwvc3ZnPg==\" class=\"lazyload\" data-load-mode=\"1\"><\/iframe>\n<\/div><\/figure>\n<\/div>\n\n\n\n<div class=\"wp-block-column has-tertiary-background-color has-text-color has-background has-link-color wp-elements-ef2e4102090fef7e3df395c9c1b1f2ec is-layout-flow wp-block-column-is-layout-flow\" style=\"color:#000000\">\n<div class=\"wp-block-group has-global-padding is-layout-constrained wp-container-core-group-is-layout-7832adf3 wp-block-group-is-layout-constrained\" style=\"margin-top:var(--wp--preset--spacing--50);margin-bottom:var(--wp--preset--spacing--50);padding-top:var(--wp--preset--spacing--40);padding-right:var(--wp--preset--spacing--40);padding-bottom:var(--wp--preset--spacing--40);padding-left:var(--wp--preset--spacing--40)\">\n<h3 class=\"wp-block-heading\">Documental de \u00faltimo curso de 2024: <br\/>Las ra\u00edces del cambio<\/h3>\n\n\n\n<p>A trav\u00e9s de la lente de personas anteriormente encarceladas que encuentran un camino a seguir en programas ecol\u00f3gicos de reinserci\u00f3n, <em>Las ra\u00edces del cambio<\/em> ilumina la interrelaci\u00f3n de la justicia social, el activismo medioambiental y la oportunidad econ\u00f3mica. Entrelaza narrativas de redenci\u00f3n, resiliencia y empoderamiento comunitario para destacar las formas en que los programas intersectoriales pueden producir un cambio sist\u00e9mico. <\/p>\n<\/div>\n<\/div>\n<\/div>\n\n<div class=\"wp-block-columns is-layout-flex wp-container-core-columns-is-layout-28f84493 wp-block-columns-is-layout-flex\">\n<div class=\"wp-block-column has-base-color has-primary-background-color has-text-color has-background has-link-color wp-elements-0f5d147a0f080d90b53ab303d0f1b293 is-layout-flow wp-block-column-is-layout-flow\">\n<div class=\"wp-block-group has-global-padding is-layout-constrained wp-container-core-group-is-layout-7832adf3 wp-block-group-is-layout-constrained\" style=\"margin-top:var(--wp--preset--spacing--50);margin-bottom:var(--wp--preset--spacing--50);padding-top:var(--wp--preset--spacing--40);padding-right:var(--wp--preset--spacing--40);padding-bottom:var(--wp--preset--spacing--40);padding-left:var(--wp--preset--spacing--40)\">\n<h3 class=\"wp-block-heading\">Bajo las ra\u00edces: <br\/>Haciendo <em>Las ra\u00edces del cambio<\/em><\/h3>\n\n\n\n<p>Los estudiantes comparten un vistazo entre bastidores de sus experiencias al realizar el documental de \u00faltimo curso de Four Rivers de 2024 \u00abLas ra\u00edces del cambio\u00bb.<\/p>\n<\/div>\n<\/div>\n\n\n\n<div class=\"wp-block-column has-base-color has-primary-background-color has-text-color has-background has-link-color wp-elements-118d20be2115226c396fc3b54b62e877 is-layout-flow wp-block-column-is-layout-flow\">\n<figure class=\"wp-block-embed is-type-video is-provider-youtube wp-block-embed-youtube wp-embed-aspect-16-9 wp-has-aspect-ratio\" style=\"margin-top:0;margin-bottom:0\"><div class=\"wp-block-embed__wrapper\">\n<iframe title=\"Beneath The Roots: Making &quot;The Roots of Change&quot;\" width=\"500\" height=\"281\" data-src=\"https:\/\/www.youtube.com\/embed\/7AFjVLxj5ZA?feature=oembed\" frameborder=\"0\" allow=\"accelerometer; autoplay; clipboard-write; encrypted-media; gyroscope; picture-in-picture; web-share\" referrerpolicy=\"strict-origin-when-cross-origin\" allowfullscreen src=\"data:image\/svg+xml;base64,PHN2ZyB3aWR0aD0iMSIgaGVpZ2h0PSIxIiB4bWxucz0iaHR0cDovL3d3dy53My5vcmcvMjAwMC9zdmciPjwvc3ZnPg==\" class=\"lazyload\" data-load-mode=\"1\"><\/iframe>\n<\/div><\/figure>\n<\/div>\n<\/div>\n\n<div class=\"wp-block-columns is-layout-flex wp-container-core-columns-is-layout-28f84493 wp-block-columns-is-layout-flex\">\n<div class=\"wp-block-column has-base-color has-primary-background-color has-text-color has-background has-link-color wp-elements-7e2bcaaf0890ff8fb244cefda98ae2e9 is-layout-flow wp-block-column-is-layout-flow\">\n<figure class=\"wp-block-image size-large\"><img decoding=\"async\" width=\"1024\" height=\"557\" data-src=\"https:\/\/new24.fourriverscharter.org\/wp-content\/uploads\/2024\/10\/Screenshot-2024-10-26-at-4.49.01-PM-1024x557.png\" alt=\"Alebrijes\" class=\"wp-image-1588 lazyload\" data-srcset=\"https:\/\/new24.fourriverscharter.org\/wp-content\/uploads\/2024\/10\/Screenshot-2024-10-26-at-4.49.01-PM-1024x557.png 1024w, https:\/\/new24.fourriverscharter.org\/wp-content\/uploads\/2024\/10\/Screenshot-2024-10-26-at-4.49.01-PM-300x163.png 300w, https:\/\/new24.fourriverscharter.org\/wp-content\/uploads\/2024\/10\/Screenshot-2024-10-26-at-4.49.01-PM-768x418.png 768w, https:\/\/new24.fourriverscharter.org\/wp-content\/uploads\/2024\/10\/Screenshot-2024-10-26-at-4.49.01-PM-1536x835.png 1536w, https:\/\/new24.fourriverscharter.org\/wp-content\/uploads\/2024\/10\/Screenshot-2024-10-26-at-4.49.01-PM.png 1556w\" data-sizes=\"(max-width: 1024px) 100vw, 1024px\" src=\"data:image\/svg+xml;base64,PHN2ZyB3aWR0aD0iMSIgaGVpZ2h0PSIxIiB4bWxucz0iaHR0cDovL3d3dy53My5vcmcvMjAwMC9zdmciPjwvc3ZnPg==\" style=\"--smush-placeholder-width: 1024px; --smush-placeholder-aspect-ratio: 1024\/557;\" \/><\/figure>\n<\/div>\n\n\n\n<div class=\"wp-block-column has-contrast-color has-tertiary-background-color has-text-color has-background has-link-color wp-elements-5545ddf4898f3e7337823d3dd4c55e63 is-layout-flow wp-block-column-is-layout-flow\">\n<div class=\"wp-block-group has-global-padding is-layout-constrained wp-container-core-group-is-layout-7832adf3 wp-block-group-is-layout-constrained\" style=\"margin-top:var(--wp--preset--spacing--50);margin-bottom:var(--wp--preset--spacing--50);padding-top:var(--wp--preset--spacing--40);padding-right:var(--wp--preset--spacing--40);padding-bottom:var(--wp--preset--spacing--40);padding-left:var(--wp--preset--spacing--40)\">\n<h3 class=\"wp-block-heading\">Alebrijes<\/h3>\n\n\n\n<p>Los estudiantes de espa\u00f1ol avanzado han estado trabajando para completar estos maravillosos alebrijes (animales espirituales), un arte popular mexicano que les inspirar\u00e1 para crear cuentos de hadas completamente en espa\u00f1ol. Luego, compartir\u00e1n estos cuentos populares con los estudiantes de una escuela primaria local.  <\/p>\n<\/div>\n<\/div>\n<\/div>\n\n<h2 class=\"wp-block-heading has-text-align-center\" style=\"margin-top:var(--wp--preset--spacing--40);margin-bottom:var(--wp--preset--spacing--40)\">\u00a1M\u00e1s por venir!<\/h2>\n","protected":false},"excerpt":{"rendered":"<p>Documental de \u00faltimo curso de 2024: Las ra\u00edces del cambio A trav\u00e9s de la lente de personas anteriormente encarceladas que encuentran un camino a seguir en programas ecol\u00f3gicos de reinserci\u00f3n, Las ra\u00edces del cambio ilumina la interrelaci\u00f3n de la justicia social, el activismo medioambiental y la oportunidad econ\u00f3mica. Entrelaza narrativas de redenci\u00f3n, resiliencia y empoderamiento [&hellip;]<\/p>\n","protected":false},"author":1,"featured_media":0,"parent":0,"menu_order":0,"comment_status":"closed","ping_status":"closed","template":"","meta":{"footnotes":""},"folder":[15],"class_list":["post-1726","page","type-page","status-publish","hentry"],"_links":{"self":[{"href":"https:\/\/new24.fourriverscharter.org\/es\/wp-json\/wp\/v2\/pages\/1726","targetHints":{"allow":["GET"]}}],"collection":[{"href":"https:\/\/new24.fourriverscharter.org\/es\/wp-json\/wp\/v2\/pages"}],"about":[{"href":"https:\/\/new24.fourriverscharter.org\/es\/wp-json\/wp\/v2\/types\/page"}],"author":[{"embeddable":true,"href":"https:\/\/new24.fourriverscharter.org\/es\/wp-json\/wp\/v2\/users\/1"}],"replies":[{"embeddable":true,"href":"https:\/\/new24.fourriverscharter.org\/es\/wp-json\/wp\/v2\/comments?post=1726"}],"version-history":[{"count":1,"href":"https:\/\/new24.fourriverscharter.org\/es\/wp-json\/wp\/v2\/pages\/1726\/revisions"}],"predecessor-version":[{"id":1728,"href":"https:\/\/new24.fourriverscharter.org\/es\/wp-json\/wp\/v2\/pages\/1726\/revisions\/1728"}],"wp:attachment":[{"href":"https:\/\/new24.fourriverscharter.org\/es\/wp-json\/wp\/v2\/media?parent=1726"}],"wp:term":[{"taxonomy":"folder","embeddable":true,"href":"https:\/\/new24.fourriverscharter.org\/es\/wp-json\/wp\/v2\/folder?post=1726"}],"curies":[{"name":"wp","href":"https:\/\/api.w.org\/{rel}","templated":true}]}}