{"id":1730,"date":"2024-08-18T22:13:05","date_gmt":"2024-08-19T02:13:05","guid":{"rendered":"https:\/\/new24.fourriverscharter.org\/como-solicitar-plaza\/"},"modified":"2026-01-14T10:46:09","modified_gmt":"2026-01-14T14:46:09","slug":"como-solicitar-plaza","status":"publish","type":"page","link":"https:\/\/new24.fourriverscharter.org\/es\/como-solicitar-plaza\/","title":{"rendered":"C\u00f3mo solicitar plaza"},"content":{"rendered":"\n<div class=\"wp-block-cover\" style=\"font-style:normal;font-weight:600;min-height:500px;aspect-ratio:unset;\"><span aria-hidden=\"true\" class=\"wp-block-cover__background has-background-dim-30 has-background-dim\" style=\"background-color:#827165\"><\/span><img decoding=\"async\" width=\"2003\" height=\"2560\" class=\"wp-block-cover__image-background wp-image-740 lazyload\" alt=\"\" data-src=\"https:\/\/new24.fourriverscharter.org\/wp-content\/uploads\/2024\/08\/20230901_125055-scaled.jpg\" style=\"--smush-placeholder-width: 2003px; --smush-placeholder-aspect-ratio: 2003\/2560;object-position:56% 20%\" data-object-fit=\"cover\" data-object-position=\"56% 20%\" data-srcset=\"https:\/\/new24.fourriverscharter.org\/wp-content\/uploads\/2024\/08\/20230901_125055-scaled.jpg 2003w, https:\/\/new24.fourriverscharter.org\/wp-content\/uploads\/2024\/08\/20230901_125055-235x300.jpg 235w, https:\/\/new24.fourriverscharter.org\/wp-content\/uploads\/2024\/08\/20230901_125055-801x1024.jpg 801w, https:\/\/new24.fourriverscharter.org\/wp-content\/uploads\/2024\/08\/20230901_125055-768x982.jpg 768w, https:\/\/new24.fourriverscharter.org\/wp-content\/uploads\/2024\/08\/20230901_125055-1202x1536.jpg 1202w, https:\/\/new24.fourriverscharter.org\/wp-content\/uploads\/2024\/08\/20230901_125055-1602x2048.jpg 1602w\" data-sizes=\"(max-width: 2003px) 100vw, 2003px\" src=\"data:image\/svg+xml;base64,PHN2ZyB3aWR0aD0iMSIgaGVpZ2h0PSIxIiB4bWxucz0iaHR0cDovL3d3dy53My5vcmcvMjAwMC9zdmciPjwvc3ZnPg==\" \/><div class=\"wp-block-cover__inner-container has-global-padding is-layout-constrained wp-block-cover-is-layout-constrained\">\n<p class=\"has-text-align-center has-xxx-large-font-size\">C\u00f3mo solicitar plaza<\/p>\n<\/div><\/div>\n\n<div class=\"wp-block-group has-global-padding is-layout-constrained wp-container-core-group-is-layout-37756290 wp-block-group-is-layout-constrained\" style=\"margin-top:var(--wp--preset--spacing--50);margin-bottom:var(--wp--preset--spacing--50);padding-top:var(--wp--preset--spacing--40);padding-right:var(--wp--preset--spacing--40);padding-bottom:var(--wp--preset--spacing--40);padding-left:var(--wp--preset--spacing--40)\">\n<div class=\"wp-block-buttons alignwide is-content-justification-center is-layout-flex wp-container-core-buttons-is-layout-a89b3969 wp-block-buttons-is-layout-flex\">\n<div class=\"wp-block-button\"><a class=\"wp-block-button__link wp-element-button\" href=\"https:\/\/fourriverscharter.org\/docs\/APP2024.pdf\" style=\"padding-top:var(--wp--preset--spacing--40);padding-right:var(--wp--preset--spacing--40);padding-bottom:var(--wp--preset--spacing--40);padding-left:var(--wp--preset--spacing--40)\" target=\"_blank\" rel=\"noreferrer noopener\">Descargar la solicitud para 2024-2025<\/a><\/div>\n<\/div>\n\n\n\n<p>Como escuela p\u00fablica concertada gratuita en Massachusetts, nuestra inscripci\u00f3n abierta se basa en un sistema de sorteo p\u00fablico aleatorio que se celebra anualmente en febrero.<\/p>\n\n\n\n<p>Se da prioridad en la admisi\u00f3n a los estudiantes que residen en los seis distritos escolares secundarios dentro del condado de Franklin y, de acuerdo con las regulaciones de la escuela concertada, a los hermanos de los estudiantes matriculados actualmente. <\/p>\n\n\n\n<p>Si hay plazas disponibles en un curso despu\u00e9s de que todos los solicitantes del distrito hayan sido admitidos, se ofrecer\u00e1n las siguientes plazas disponibles a los estudiantes de fuera del distrito.<\/p>\n\n\n\n<p>Todos los solicitantes deben ser residentes de Massachusetts.<\/p>\n\n\n\n<p>Consulte nuestra <a href=\"https:\/\/www.fourriverscharter.org\/docs\/enrollment.pdf\" target=\"_blank\" rel=\"noreferrer noopener\">pol\u00edtica de admisi\u00f3n<\/a> para obtener m\u00e1s detalles.<\/p>\n\n\n\n<h3 class=\"wp-block-heading\">Fecha l\u00edmite de solicitud<\/h3>\n\n\n\n<p>Complete y env\u00ede una solicitud antes de la fecha l\u00edmite. La fecha l\u00edmite de solicitud para 2025-2026 ser\u00e1 en febrero; la fecha espec\u00edfica se anunciar\u00e1 m\u00e1s adelante este oto\u00f1o. <\/p>\n\n\n\n<h3 class=\"wp-block-heading\">Sorteo<\/h3>\n\n\n\n<p>Se realizar\u00e1 un sorteo si las solicitudes superan las plazas disponibles en alguno de los cursos.<br\/>Se notificar\u00e1 a los solicitantes los resultados por tel\u00e9fono el mismo d\u00eda y por escrito.<\/p>\n\n\n\n<h3 class=\"wp-block-heading\">Otra informaci\u00f3n<\/h3>\n\n\n\n<p>Los padres\/tutores son responsables de asegurarse de que la escuela haya recibido la solicitud antes de la fecha de vencimiento y de que toda la informaci\u00f3n en la solicitud sea correcta.<\/p>\n\n\n\n<p>Los solicitantes que no cumplan con la fecha l\u00edmite de solicitud inicial pueden participar como solicitantes tard\u00edos en los sorteos provisionales posteriores, que se celebrar\u00e1n seg\u00fan sea necesario. Todas las fechas l\u00edmite de solicitud y las fechas de sorteo posteriores<br\/>se publicar\u00e1n en el peri\u00f3dico local y en la escuela con al menos un mes de anticipaci\u00f3n. A los solicitantes tard\u00edos que participen en un sorteo provisional se les ofrecer\u00e1 la inscripci\u00f3n solo despu\u00e9s de que a todos los solicitantes en el sorteo inicial se les haya ofrecido una plaza.  <\/p>\n\n\n\n<p>Para obtener informaci\u00f3n sobre las plazas disponibles para el a\u00f1o en curso, env\u00ede un correo electr\u00f3nico a Carolyn Wood, registradora y secretaria de educaci\u00f3n especial, a cwood@fourriverscharter.org o llame al (413) 775-4577, ext. 420.<\/p>\n<\/div>\n\n<div class=\"wp-block-buttons alignwide is-content-justification-center is-layout-flex wp-container-core-buttons-is-layout-2ba7c1ef wp-block-buttons-is-layout-flex\" style=\"margin-top:var(--wp--preset--spacing--40);margin-bottom:var(--wp--preset--spacing--40)\">\n<div class=\"wp-block-button\"><a class=\"wp-block-button__link wp-element-button\" href=\"https:\/\/fourriverscharter.org\/docs\/APP2024.pdf\" style=\"padding-top:var(--wp--preset--spacing--40);padding-right:var(--wp--preset--spacing--40);padding-bottom:var(--wp--preset--spacing--40);padding-left:var(--wp--preset--spacing--40)\" target=\"_blank\" rel=\"noreferrer noopener\">Descargar la solicitud para 2024-2025<\/a><\/div>\n<\/div>\n","protected":false},"excerpt":{"rendered":"<p>Como escuela p\u00fablica concertada gratuita en Massachusetts, nuestra inscripci\u00f3n abierta se basa en un sistema de sorteo p\u00fablico aleatorio que se celebra anualmente en febrero. Se da prioridad en la admisi\u00f3n a los estudiantes que residen en los seis distritos escolares secundarios dentro del condado de Franklin y, de acuerdo con las regulaciones de la [&hellip;]<\/p>\n","protected":false},"author":1,"featured_media":0,"parent":0,"menu_order":0,"comment_status":"closed","ping_status":"closed","template":"","meta":{"footnotes":""},"folder":[16],"class_list":["post-1730","page","type-page","status-publish","hentry"],"_links":{"self":[{"href":"https:\/\/new24.fourriverscharter.org\/es\/wp-json\/wp\/v2\/pages\/1730","targetHints":{"allow":["GET"]}}],"collection":[{"href":"https:\/\/new24.fourriverscharter.org\/es\/wp-json\/wp\/v2\/pages"}],"about":[{"href":"https:\/\/new24.fourriverscharter.org\/es\/wp-json\/wp\/v2\/types\/page"}],"author":[{"embeddable":true,"href":"https:\/\/new24.fourriverscharter.org\/es\/wp-json\/wp\/v2\/users\/1"}],"replies":[{"embeddable":true,"href":"https:\/\/new24.fourriverscharter.org\/es\/wp-json\/wp\/v2\/comments?post=1730"}],"version-history":[{"count":1,"href":"https:\/\/new24.fourriverscharter.org\/es\/wp-json\/wp\/v2\/pages\/1730\/revisions"}],"predecessor-version":[{"id":1731,"href":"https:\/\/new24.fourriverscharter.org\/es\/wp-json\/wp\/v2\/pages\/1730\/revisions\/1731"}],"wp:attachment":[{"href":"https:\/\/new24.fourriverscharter.org\/es\/wp-json\/wp\/v2\/media?parent=1730"}],"wp:term":[{"taxonomy":"folder","embeddable":true,"href":"https:\/\/new24.fourriverscharter.org\/es\/wp-json\/wp\/v2\/folder?post=1730"}],"curies":[{"name":"wp","href":"https:\/\/api.w.org\/{rel}","templated":true}]}}