{"id":1733,"date":"2024-08-18T22:13:21","date_gmt":"2024-08-19T02:13:21","guid":{"rendered":"https:\/\/new24.fourriverscharter.org\/informes\/"},"modified":"2026-01-14T10:46:09","modified_gmt":"2026-01-14T14:46:09","slug":"informes","status":"publish","type":"page","link":"https:\/\/new24.fourriverscharter.org\/es\/informes\/","title":{"rendered":"Informes"},"content":{"rendered":"\n<div class=\"wp-block-cover\" style=\"font-style:normal;font-weight:600\"><span aria-hidden=\"true\" class=\"wp-block-cover__background has-background-dim-30 has-background-dim\" style=\"background-color:#62756b\"><\/span><img decoding=\"async\" width=\"900\" height=\"431\" class=\"wp-block-cover__image-background wp-image-255 lazyload\" alt=\"Campus view\" data-src=\"https:\/\/new24.fourriverscharter.org\/wp-content\/uploads\/2024\/08\/Campus.jpg\" data-object-fit=\"cover\" data-srcset=\"https:\/\/new24.fourriverscharter.org\/wp-content\/uploads\/2024\/08\/Campus.jpg 900w, https:\/\/new24.fourriverscharter.org\/wp-content\/uploads\/2024\/08\/Campus-300x144.jpg 300w, https:\/\/new24.fourriverscharter.org\/wp-content\/uploads\/2024\/08\/Campus-768x368.jpg 768w\" data-sizes=\"(max-width: 900px) 100vw, 900px\" src=\"data:image\/svg+xml;base64,PHN2ZyB3aWR0aD0iMSIgaGVpZ2h0PSIxIiB4bWxucz0iaHR0cDovL3d3dy53My5vcmcvMjAwMC9zdmciPjwvc3ZnPg==\" style=\"--smush-placeholder-width: 900px; --smush-placeholder-aspect-ratio: 900\/431;\" \/><div class=\"wp-block-cover__inner-container is-layout-flow wp-block-cover-is-layout-flow\">\n<p class=\"has-text-align-center has-xxx-large-font-size\">Informes<\/p>\n<\/div><\/div>\n\n<div class=\"wp-block-group has-global-padding is-layout-constrained wp-container-core-group-is-layout-6a209ebb wp-block-group-is-layout-constrained\" style=\"padding-top:var(--wp--preset--spacing--60);padding-right:0;padding-bottom:var(--wp--preset--spacing--60);padding-left:0\">\n<p><a href=\"https:\/\/profiles.doe.mass.edu\/general\/general.aspx?topNavID=1&amp;leftNavId=100&amp;orgcode=04130000&amp;orgtypecode=5\" target=\"_blank\" rel=\"noreferrer noopener\">Perfil escolar DESE<\/a><\/p>\n\n\n\n<p>Informe de la escuela y el distrito<br\/><a href=\"https:\/\/reportcards.doe.mass.edu\/2023\/04130505\" target=\"_blank\" rel=\"noreferrer noopener\">2023<\/a><\/p>\n\n\n\n<p>Informes anuales de FRCPS<br\/><a href=\"https:\/\/fourriverscharter.org\/docs\/ar23.pdf\" target=\"_blank\" rel=\"noreferrer noopener\">2023<\/a> \u2022 <a href=\"https:\/\/fourriverscharter.org\/docs\/ar22.pdf\" target=\"_blank\" rel=\"noreferrer noopener\">2022<\/a> \u2022 <a href=\"https:\/\/www.fourriverscharter.org\/docs\/ar2021.pdf\" target=\"_blank\" rel=\"noreferrer noopener\">2021<\/a> \u2022 <a href=\"https:\/\/www.fourriverscharter.org\/docs\/ar2020.pdf\" target=\"_blank\" rel=\"noreferrer noopener\">2020<\/a> \u2022 <a href=\"https:\/\/www.fourriverscharter.org\/docs\/ar2019.pdf\" target=\"_blank\" rel=\"noreferrer noopener\">2019<\/a> \u2022 <a href=\"https:\/\/www.fourriverscharter.org\/docs\/ar2018.pdf\" target=\"_blank\" rel=\"noreferrer noopener\">2018<\/a> \u2022 <a href=\"http:\/\/www.fourriverscharter.org\/docs\/ar2017.pdf\" target=\"_blank\" rel=\"noreferrer noopener\">2017<\/a> \u2022 <a href=\"http:\/\/www.fourriverscharter.org\/docs\/ar2016.pdf\" target=\"_blank\" rel=\"noreferrer noopener\">2016<\/a> \u2022 <a href=\"http:\/\/www.fourriverscharter.org\/docs\/ar2015.pdf\" target=\"_blank\" rel=\"noreferrer noopener\">2015<\/a> \u2022 <a href=\"http:\/\/www.fourriverscharter.org\/docs\/ar2014.pdf\" target=\"_blank\" rel=\"noreferrer noopener\">2014<\/a> \u2022 <a href=\"http:\/\/www.fourriverscharter.org\/docs\/ar2013.pdf\" target=\"_blank\" rel=\"noreferrer noopener\">2013<\/a> \u2022 <a href=\"http:\/\/www.fourriverscharter.org\/docs\/ar2012.pdf\" target=\"_blank\" rel=\"noreferrer noopener\">2012<\/a> \u2022 <a href=\"http:\/\/www.fourriverscharter.org\/docs\/ar2011.pdf\" target=\"_blank\" rel=\"noreferrer noopener\">2011<\/a> \u2022 <a href=\"http:\/\/www.fourriverscharter.org\/docs\/ar2010.pdf\" target=\"_blank\" rel=\"noreferrer noopener\">2010<\/a> \u2022 <a href=\"http:\/\/www.fourriverscharter.org\/docs\/ar2009.pdf\" target=\"_blank\" rel=\"noreferrer noopener\">2009<\/a> \u2022                <a href=\"http:\/\/www.fourriverscharter.org\/docs\/ar2008.pdf\" target=\"_blank\" rel=\"noreferrer noopener\">2008<\/a> \u2022  <a href=\"http:\/\/www.fourriverscharter.org\/docs\/ar2007.pdf\" target=\"_blank\" rel=\"noreferrer noopener\">2007<\/a><\/p>\n\n\n\n<p>Solicitudes de renovaci\u00f3n de la concesi\u00f3n<br\/>2022 \u2022 <a href=\"http:\/\/www.frcps.org\/docs\/RenewalApplications\/cra2017.pdf\" target=\"_blank\" rel=\"noreferrer noopener\">2017<\/a> \u2022 <a href=\"http:\/\/www.frcps.org\/docs\/RenewalApplications\/cra2012.pdf\" target=\"_blank\" rel=\"noreferrer noopener\">2012<\/a> \u2022 <a href=\"http:\/\/www.frcps.org\/docs\/RenewalApplications\/cra2007.pdf\" target=\"_blank\" rel=\"noreferrer noopener\">2007<\/a><\/p>\n\n\n\n<p>Informes de inspecci\u00f3n de renovaci\u00f3n de la concesi\u00f3n<br\/><a href=\"http:\/\/www.fourriverscharter.org\/docs\/InspectionReports\/IR2017.pdf\" target=\"_blank\" rel=\"noreferrer noopener\">2017<\/a> \u2022 <a href=\"http:\/\/www.fourriverscharter.org\/docs\/InspectionReports\/IR2015.pdf\" target=\"_blank\" rel=\"noreferrer noopener\">2015<\/a> \u2022 <a href=\"http:\/\/www.fourriverscharter.org\/docs\/InspectionReports\/IR2012.pdf\" target=\"_blank\" rel=\"noreferrer noopener\">2012<\/a> \u2022 <a href=\"http:\/\/www.fourriverscharter.org\/docs\/InspectionReports\/IR2010.pdf\" target=\"_blank\" rel=\"noreferrer noopener\">2010<\/a> \u2022 <a href=\"http:\/\/www.fourriverscharter.org\/docs\/InspectionReports\/IR2007.pdf\" target=\"_blank\" rel=\"noreferrer noopener\">2007<\/a> \u2022 <a href=\"http:\/\/www.fourriverscharter.org\/docs\/InspectionReports\/IR2006.pdf\" target=\"_blank\" rel=\"noreferrer noopener\">2006<\/a> \u2022 <a href=\"http:\/\/www.frcps.org\/docs\/InspectionReports\/IR2005.pdf\" target=\"_blank\" rel=\"noreferrer noopener\">2005<\/a><\/p>\n\n\n\n<p>Informes estatales de rendici\u00f3n de cuentas<br\/><a href=\"http:\/\/www.fourriverscharter.org\/docs\/StateReports\/RC2019.pdf\" target=\"_blank\" rel=\"noreferrer noopener\">2019<\/a> \u2022 <a href=\"http:\/\/reportcards.doe.mass.edu\/2018\/04130505\" target=\"_blank\" rel=\"noreferrer noopener\">2018<\/a> \u2022 <a href=\"http:\/\/www.fourriverscharter.org\/docs\/StateReports\/RC2017.pdf\" target=\"_blank\" rel=\"noreferrer noopener\">2017<\/a> \u2022 <a href=\"http:\/\/www.fourriverscharter.org\/docs\/StateReports\/RC2016.pdf\" target=\"_blank\" rel=\"noreferrer noopener\">2016<\/a> \u2022 <a href=\"http:\/\/www.fourriverscharter.org\/docs\/StateReports\/RC2015.pdf\" target=\"_blank\" rel=\"noreferrer noopener\">2015<\/a> \u2022 <a href=\"http:\/\/www.fourriverscharter.org\/docs\/StateReports\/RC2014.pdf\" target=\"_blank\" rel=\"noreferrer noopener\">2014<\/a> \u2022 <a href=\"http:\/\/www.fourriverscharter.org\/docs\/StateReports\/RC2013.pdf\" target=\"_blank\" rel=\"noreferrer noopener\">2013<\/a> \u2022 <a href=\"http:\/\/www.fourriverscharter.org\/docs\/StateReports\/RC2012.pdf\" target=\"_blank\" rel=\"noreferrer noopener\">2012<\/a> \u2022 <a href=\"http:\/\/www.fourriverscharter.org\/docs\/StateReports\/RC2011.pdf\" target=\"_blank\" rel=\"noreferrer noopener\">2011<\/a> \u2022 <a href=\"http:\/\/www.fourriverscharter.org\/docs\/nclb0910.pdf\" target=\"_blank\" rel=\"noreferrer noopener\">2010-2009<\/a> \u2022 <a href=\"http:\/\/www.fourriverscharter.org\/docs\/nclb_annual_report.pdf\" target=\"_blank\" rel=\"noreferrer noopener\">2008-2007<\/a><\/p>\n<\/div>\n","protected":false},"excerpt":{"rendered":"<p>Perfil escolar DESE Informe de la escuela y el distrito2023 Informes anuales de FRCPS2023 \u2022 2022 \u2022 2021 \u2022 2020 \u2022 2019 \u2022 2018 \u2022 2017 \u2022 2016 \u2022 2015 \u2022 2014 \u2022 2013 \u2022 2012 \u2022 2011 \u2022 2010 \u2022 2009 \u2022 2008 \u2022 2007 Solicitudes de renovaci\u00f3n de la concesi\u00f3n2022 \u2022 2017 \u2022 [&hellip;]<\/p>\n","protected":false},"author":1,"featured_media":0,"parent":0,"menu_order":0,"comment_status":"closed","ping_status":"closed","template":"","meta":{"footnotes":""},"folder":[14],"class_list":["post-1733","page","type-page","status-publish","hentry"],"_links":{"self":[{"href":"https:\/\/new24.fourriverscharter.org\/es\/wp-json\/wp\/v2\/pages\/1733","targetHints":{"allow":["GET"]}}],"collection":[{"href":"https:\/\/new24.fourriverscharter.org\/es\/wp-json\/wp\/v2\/pages"}],"about":[{"href":"https:\/\/new24.fourriverscharter.org\/es\/wp-json\/wp\/v2\/types\/page"}],"author":[{"embeddable":true,"href":"https:\/\/new24.fourriverscharter.org\/es\/wp-json\/wp\/v2\/users\/1"}],"replies":[{"embeddable":true,"href":"https:\/\/new24.fourriverscharter.org\/es\/wp-json\/wp\/v2\/comments?post=1733"}],"version-history":[{"count":1,"href":"https:\/\/new24.fourriverscharter.org\/es\/wp-json\/wp\/v2\/pages\/1733\/revisions"}],"predecessor-version":[{"id":1734,"href":"https:\/\/new24.fourriverscharter.org\/es\/wp-json\/wp\/v2\/pages\/1733\/revisions\/1734"}],"wp:attachment":[{"href":"https:\/\/new24.fourriverscharter.org\/es\/wp-json\/wp\/v2\/media?parent=1733"}],"wp:term":[{"taxonomy":"folder","embeddable":true,"href":"https:\/\/new24.fourriverscharter.org\/es\/wp-json\/wp\/v2\/folder?post=1733"}],"curies":[{"name":"wp","href":"https:\/\/api.w.org\/{rel}","templated":true}]}}