{"id":1735,"date":"2024-08-18T22:11:43","date_gmt":"2024-08-19T02:11:43","guid":{"rendered":"https:\/\/new24.fourriverscharter.org\/atletismo\/"},"modified":"2026-01-14T10:46:10","modified_gmt":"2026-01-14T14:46:10","slug":"atletismo","status":"publish","type":"page","link":"https:\/\/new24.fourriverscharter.org\/es\/atletismo\/","title":{"rendered":"Atletismo"},"content":{"rendered":"\n<div class=\"wp-block-cover\" style=\"min-height:501px;aspect-ratio:unset;\"><span aria-hidden=\"true\" class=\"wp-block-cover__background has-background-dim-30 has-background-dim\" style=\"background-color:#6b743e\"><\/span><img decoding=\"async\" width=\"1106\" height=\"1475\" class=\"wp-block-cover__image-background wp-image-812 lazyload\" alt=\"catching a disc\" data-src=\"https:\/\/new24.fourriverscharter.org\/wp-content\/uploads\/2024\/08\/K94A6157.jpg\" style=\"--smush-placeholder-width: 1106px; --smush-placeholder-aspect-ratio: 1106\/1475;object-position:59% 41%\" data-object-fit=\"cover\" data-object-position=\"59% 41%\" data-srcset=\"https:\/\/new24.fourriverscharter.org\/wp-content\/uploads\/2024\/08\/K94A6157.jpg 1106w, https:\/\/new24.fourriverscharter.org\/wp-content\/uploads\/2024\/08\/K94A6157-225x300.jpg 225w, https:\/\/new24.fourriverscharter.org\/wp-content\/uploads\/2024\/08\/K94A6157-768x1024.jpg 768w\" data-sizes=\"(max-width: 1106px) 100vw, 1106px\" src=\"data:image\/svg+xml;base64,PHN2ZyB3aWR0aD0iMSIgaGVpZ2h0PSIxIiB4bWxucz0iaHR0cDovL3d3dy53My5vcmcvMjAwMC9zdmciPjwvc3ZnPg==\" \/><div class=\"wp-block-cover__inner-container has-global-padding is-layout-constrained wp-block-cover-is-layout-constrained\">\n<p class=\"has-text-align-center has-xxx-large-font-size\" style=\"font-style:normal;font-weight:600\">Atletismo<\/p>\n<\/div><\/div>\n\n<div class=\"wp-block-columns is-layout-flex wp-container-core-columns-is-layout-b0bab6eb wp-block-columns-is-layout-flex\" style=\"margin-top:var(--wp--preset--spacing--40);margin-bottom:var(--wp--preset--spacing--40)\">\n<div class=\"wp-block-column is-layout-flow wp-block-column-is-layout-flow\">\n<div class=\"wp-block-group has-global-padding is-layout-constrained wp-block-group-is-layout-constrained\">\n<p>Four Rivers ofrece opciones deportivas extraescolares durante todo el a\u00f1o escolar. Nuestra misi\u00f3n en Four Rivers es tener programas deportivos inclusivos, divertidos y competitivos que promuevan el crecimiento individual, el desarrollo de habilidades y un ambiente de equipo de apoyo que respete el buen esp\u00edritu deportivo. <\/p>\n\n\n\n<h3 class=\"wp-block-heading\">Oto\u00f1o<\/h3>\n\n\n\n<ul class=\"wp-block-list\">\n<li><strong>F\u00fatbol<\/strong> &#8211; Equipo femenino universitario; Equipo masculino universitario; Equipo femenino JV; Equipo masculino JV; Escuela intermedia<\/li>\n\n\n\n<li><strong>Campo a trav\u00e9s<\/strong> &#8211; Equipo mixto<\/li>\n<\/ul>\n\n\n\n<h3 class=\"wp-block-heading\">Invierno<\/h3>\n\n\n\n<ul class=\"wp-block-list\">\n<li><strong>Baloncesto<\/strong> &#8211; Equipo masculino universitario<\/li>\n\n\n\n<li><strong>Voleibol<\/strong> &#8211; Equipo mixto<\/li>\n\n\n\n<li><strong>Club de esqu\u00ed<\/strong> &#8211; No competitivo<\/li>\n\n\n\n<li><strong>Ultimate intramuros<\/strong> &#8211; No competitivo<\/li>\n<\/ul>\n\n\n\n<h3 class=\"wp-block-heading\">Primavera<\/h3>\n\n\n\n<ul class=\"wp-block-list\">\n<li><strong>Ultimate Frisbee<\/strong> &#8211; Equipo masculino universitario; Equipo femenino universitario; Equipo masculino JV; Equipo femenino JV; Escuela intermedia<\/li>\n<\/ul>\n<\/div>\n<\/div>\n\n\n\n<div class=\"wp-block-column is-layout-flow wp-block-column-is-layout-flow\">\n<iframe data-src=\"https:\/\/calendar.google.com\/calendar\/embed?height=600&#038;wkst=1&#038;ctz=America%2FNew_York&#038;bgcolor=%23ffffff&#038;src=Zm91cnJpdmVyc2NoYXJ0ZXIub3JnX3RsYTFlOXYza2JyY241YnE4cjR2ZW5tc25nQGdyb3VwLmNhbGVuZGFyLmdvb2dsZS5jb20&#038;color=%233F51B5\" style=\"border:solid 1px #777\" width=\"800\" height=\"600\" frameborder=\"0\" scrolling=\"no\" src=\"data:image\/svg+xml;base64,PHN2ZyB3aWR0aD0iMSIgaGVpZ2h0PSIxIiB4bWxucz0iaHR0cDovL3d3dy53My5vcmcvMjAwMC9zdmciPjwvc3ZnPg==\" class=\"lazyload\" data-load-mode=\"1\"><\/iframe>\n<\/div>\n<\/div>\n\n<div class=\"wp-block-columns is-layout-flex wp-container-core-columns-is-layout-28f84493 wp-block-columns-is-layout-flex\">\n<div class=\"wp-block-column has-primary-background-color has-background is-layout-flow wp-block-column-is-layout-flow\">\n<div class=\"wp-block-group has-global-padding is-layout-constrained wp-block-group-is-layout-constrained has-background lazyload\" style=\"min-height:100%;background-image:inherit;background-position:62% 24%;background-size:cover;\" data-bg-image=\"url(&amp;apos;https:\/\/new24.fourriverscharter.org\/wp-content\/uploads\/2024\/08\/K94A6037-scaled.jpg&amp;apos;)\"><\/div>\n<\/div>\n\n\n\n<div class=\"wp-block-column is-layout-flow wp-block-column-is-layout-flow\">\n<div class=\"wp-block-group has-global-padding is-layout-constrained wp-container-core-group-is-layout-7832adf3 wp-block-group-is-layout-constrained\" style=\"margin-top:var(--wp--preset--spacing--50);margin-bottom:var(--wp--preset--spacing--50);padding-top:var(--wp--preset--spacing--40);padding-right:var(--wp--preset--spacing--40);padding-bottom:var(--wp--preset--spacing--40);padding-left:var(--wp--preset--spacing--40)\">\n<h2 class=\"wp-block-heading\">Logros recientes<\/h2>\n\n\n\n<h3 class=\"wp-block-heading\">F\u00fatbol<\/h3>\n\n\n\n<p>Equipo masculino universitario<\/p>\n\n\n\n<ul class=\"wp-block-list\">\n<li>2023: 1er puesto<\/li>\n\n\n\n<li>2022: 2\u00ba puesto<\/li>\n<\/ul>\n\n\n\n<h3 class=\"wp-block-heading\">Baloncesto<\/h3>\n\n\n\n<p>Equipo masculino universitario<\/p>\n\n\n\n<ul class=\"wp-block-list\">\n<li>2023-24: 2\u00ba puesto<\/li>\n\n\n\n<li>2022-23: 2\u00ba puesto<\/li>\n<\/ul>\n\n\n\n<h3 class=\"wp-block-heading\">Voleibol<\/h3>\n\n\n\n<p>Equipo mixto:<\/p>\n\n\n\n<ul class=\"wp-block-list\">\n<li>2024: 1er puesto en el torneo RVAL (nuestra primera temporada compitiendo)<\/li>\n<\/ul>\n\n\n\n<h3 class=\"wp-block-heading\">Ultimate<\/h3>\n\n\n\n<p>Equipo femenino universitario<\/p>\n\n\n\n<ul class=\"wp-block-list\">\n<li>2023: 1er puesto estatal, gan\u00f3 el Amherst Invitational, 7\u00ba en el Nacional<\/li>\n\n\n\n<li>2022: 1er puesto estatal, gan\u00f3 el torneo PVI, 7\u00ba en el Nacional<\/li>\n\n\n\n<li>2021: 1er puesto estatal<\/li>\n<\/ul>\n\n\n\n<p>Equipo masculino universitario<\/p>\n\n\n\n<ul class=\"wp-block-list\">\n<li>2024: 2\u00ba puesto estatal, gan\u00f3 el torneo Four Rivers<\/li>\n\n\n\n<li>2023: 3er puesto estatal<\/li>\n\n\n\n<li>2022: 4\u00ba puesto estatal<\/li>\n\n\n\n<li>2021: 1er puesto estatal<\/li>\n<\/ul>\n<\/div>\n<\/div>\n<\/div>\n\n<div class=\"wp-block-columns is-layout-flex wp-container-core-columns-is-layout-28f84493 wp-block-columns-is-layout-flex\">\n<div class=\"wp-block-column is-layout-flow wp-block-column-is-layout-flow\">\n<figure class=\"wp-block-image size-large\"><img decoding=\"async\" width=\"768\" height=\"1024\" data-src=\"https:\/\/new24.fourriverscharter.org\/wp-content\/uploads\/2024\/08\/IMGP3623-768x1024.jpg\" alt=\"F&#xFA;tbol\" class=\"wp-image-808 lazyload\" style=\"--smush-placeholder-width: 768px; --smush-placeholder-aspect-ratio: 768\/1024;aspect-ratio:1;object-fit:cover\" data-srcset=\"https:\/\/new24.fourriverscharter.org\/wp-content\/uploads\/2024\/08\/IMGP3623-768x1024.jpg 768w, https:\/\/new24.fourriverscharter.org\/wp-content\/uploads\/2024\/08\/IMGP3623-225x300.jpg 225w, https:\/\/new24.fourriverscharter.org\/wp-content\/uploads\/2024\/08\/IMGP3623-1152x1536.jpg 1152w, https:\/\/new24.fourriverscharter.org\/wp-content\/uploads\/2024\/08\/IMGP3623.jpg 1381w\" data-sizes=\"(max-width: 768px) 100vw, 768px\" src=\"data:image\/svg+xml;base64,PHN2ZyB3aWR0aD0iMSIgaGVpZ2h0PSIxIiB4bWxucz0iaHR0cDovL3d3dy53My5vcmcvMjAwMC9zdmciPjwvc3ZnPg==\" \/><\/figure>\n<\/div>\n\n\n\n<div class=\"wp-block-column is-layout-flow wp-block-column-is-layout-flow\">\n<figure class=\"wp-block-image size-large\"><img decoding=\"async\" width=\"835\" height=\"1024\" data-src=\"https:\/\/new24.fourriverscharter.org\/wp-content\/uploads\/2024\/08\/IMGP3522-835x1024.jpg\" alt=\"campo a trav&#xE9;s\" class=\"wp-image-725 lazyload\" style=\"--smush-placeholder-width: 835px; --smush-placeholder-aspect-ratio: 835\/1024;aspect-ratio:1;object-fit:cover\" data-srcset=\"https:\/\/new24.fourriverscharter.org\/wp-content\/uploads\/2024\/08\/IMGP3522-835x1024.jpg 835w, https:\/\/new24.fourriverscharter.org\/wp-content\/uploads\/2024\/08\/IMGP3522-245x300.jpg 245w, https:\/\/new24.fourriverscharter.org\/wp-content\/uploads\/2024\/08\/IMGP3522-768x942.jpg 768w, https:\/\/new24.fourriverscharter.org\/wp-content\/uploads\/2024\/08\/IMGP3522-1253x1536.jpg 1253w, https:\/\/new24.fourriverscharter.org\/wp-content\/uploads\/2024\/08\/IMGP3522-1671x2048.jpg 1671w\" data-sizes=\"(max-width: 835px) 100vw, 835px\" src=\"data:image\/svg+xml;base64,PHN2ZyB3aWR0aD0iMSIgaGVpZ2h0PSIxIiB4bWxucz0iaHR0cDovL3d3dy53My5vcmcvMjAwMC9zdmciPjwvc3ZnPg==\" \/><\/figure>\n<\/div>\n\n\n\n<div class=\"wp-block-column is-layout-flow wp-block-column-is-layout-flow\">\n<figure class=\"wp-block-image size-large\"><img decoding=\"async\" width=\"775\" height=\"1024\" data-src=\"https:\/\/new24.fourriverscharter.org\/wp-content\/uploads\/2024\/08\/K94A3454-775x1024.jpg\" alt=\"voleibol\" class=\"wp-image-790 lazyload\" style=\"--smush-placeholder-width: 775px; --smush-placeholder-aspect-ratio: 775\/1024;aspect-ratio:1;object-fit:cover\" data-srcset=\"https:\/\/new24.fourriverscharter.org\/wp-content\/uploads\/2024\/08\/K94A3454-775x1024.jpg 775w, https:\/\/new24.fourriverscharter.org\/wp-content\/uploads\/2024\/08\/K94A3454-227x300.jpg 227w, https:\/\/new24.fourriverscharter.org\/wp-content\/uploads\/2024\/08\/K94A3454-768x1015.jpg 768w, https:\/\/new24.fourriverscharter.org\/wp-content\/uploads\/2024\/08\/K94A3454-1163x1536.jpg 1163w, https:\/\/new24.fourriverscharter.org\/wp-content\/uploads\/2024\/08\/K94A3454-1550x2048.jpg 1550w, https:\/\/new24.fourriverscharter.org\/wp-content\/uploads\/2024\/08\/K94A3454-scaled.jpg 1938w\" data-sizes=\"(max-width: 775px) 100vw, 775px\" src=\"data:image\/svg+xml;base64,PHN2ZyB3aWR0aD0iMSIgaGVpZ2h0PSIxIiB4bWxucz0iaHR0cDovL3d3dy53My5vcmcvMjAwMC9zdmciPjwvc3ZnPg==\" \/><\/figure>\n<\/div>\n\n\n\n<div class=\"wp-block-column is-layout-flow wp-block-column-is-layout-flow\">\n<figure class=\"wp-block-image size-large\"><img decoding=\"async\" width=\"2560\" height=\"2560\" data-src=\"https:\/\/new24.fourriverscharter.org\/wp-content\/uploads\/2024\/10\/K94A0918-edited-scaled.jpg\" alt=\"encestar\" class=\"wp-image-1445 lazyload\" style=\"--smush-placeholder-width: 2560px; --smush-placeholder-aspect-ratio: 2560\/2560;aspect-ratio:1;object-fit:cover\" data-srcset=\"https:\/\/new24.fourriverscharter.org\/wp-content\/uploads\/2024\/10\/K94A0918-edited-scaled.jpg 2560w, https:\/\/new24.fourriverscharter.org\/wp-content\/uploads\/2024\/10\/K94A0918-edited-300x300.jpg 300w, https:\/\/new24.fourriverscharter.org\/wp-content\/uploads\/2024\/10\/K94A0918-edited-1024x1024.jpg 1024w, https:\/\/new24.fourriverscharter.org\/wp-content\/uploads\/2024\/10\/K94A0918-edited-150x150.jpg 150w, https:\/\/new24.fourriverscharter.org\/wp-content\/uploads\/2024\/10\/K94A0918-edited-768x768.jpg 768w, https:\/\/new24.fourriverscharter.org\/wp-content\/uploads\/2024\/10\/K94A0918-edited-1536x1536.jpg 1536w, https:\/\/new24.fourriverscharter.org\/wp-content\/uploads\/2024\/10\/K94A0918-edited-2048x2048.jpg 2048w\" data-sizes=\"(max-width: 2560px) 100vw, 2560px\" src=\"data:image\/svg+xml;base64,PHN2ZyB3aWR0aD0iMSIgaGVpZ2h0PSIxIiB4bWxucz0iaHR0cDovL3d3dy53My5vcmcvMjAwMC9zdmciPjwvc3ZnPg==\" \/><\/figure>\n<\/div>\n<\/div>\n\n<p><\/p>\n","protected":false},"excerpt":{"rendered":"<p>Four Rivers ofrece opciones deportivas extraescolares durante todo el a\u00f1o escolar. Nuestra misi\u00f3n en Four Rivers es tener programas deportivos inclusivos, divertidos y competitivos que promuevan el crecimiento individual, el desarrollo de habilidades y un ambiente de equipo de apoyo que respete el buen esp\u00edritu deportivo. Oto\u00f1o Invierno Primavera Logros recientes F\u00fatbol Equipo masculino universitario [&hellip;]<\/p>\n","protected":false},"author":1,"featured_media":0,"parent":0,"menu_order":0,"comment_status":"closed","ping_status":"closed","template":"","meta":{"footnotes":""},"folder":[15],"class_list":["post-1735","page","type-page","status-publish","hentry"],"_links":{"self":[{"href":"https:\/\/new24.fourriverscharter.org\/es\/wp-json\/wp\/v2\/pages\/1735","targetHints":{"allow":["GET"]}}],"collection":[{"href":"https:\/\/new24.fourriverscharter.org\/es\/wp-json\/wp\/v2\/pages"}],"about":[{"href":"https:\/\/new24.fourriverscharter.org\/es\/wp-json\/wp\/v2\/types\/page"}],"author":[{"embeddable":true,"href":"https:\/\/new24.fourriverscharter.org\/es\/wp-json\/wp\/v2\/users\/1"}],"replies":[{"embeddable":true,"href":"https:\/\/new24.fourriverscharter.org\/es\/wp-json\/wp\/v2\/comments?post=1735"}],"version-history":[{"count":1,"href":"https:\/\/new24.fourriverscharter.org\/es\/wp-json\/wp\/v2\/pages\/1735\/revisions"}],"predecessor-version":[{"id":1736,"href":"https:\/\/new24.fourriverscharter.org\/es\/wp-json\/wp\/v2\/pages\/1735\/revisions\/1736"}],"wp:attachment":[{"href":"https:\/\/new24.fourriverscharter.org\/es\/wp-json\/wp\/v2\/media?parent=1735"}],"wp:term":[{"taxonomy":"folder","embeddable":true,"href":"https:\/\/new24.fourriverscharter.org\/es\/wp-json\/wp\/v2\/folder?post=1735"}],"curies":[{"name":"wp","href":"https:\/\/api.w.org\/{rel}","templated":true}]}}