{"id":1739,"date":"2024-08-18T22:13:27","date_gmt":"2024-08-19T02:13:27","guid":{"rendered":"https:\/\/new24.fourriverscharter.org\/visitar\/"},"modified":"2026-01-14T10:46:17","modified_gmt":"2026-01-14T14:46:17","slug":"visitar","status":"publish","type":"page","link":"https:\/\/new24.fourriverscharter.org\/es\/visitar\/","title":{"rendered":"Visitar"},"content":{"rendered":"\n<div class=\"wp-block-cover is-light\" style=\"min-height:500px;aspect-ratio:unset;\"><span aria-hidden=\"true\" class=\"wp-block-cover__background has-background-dim-30 has-background-dim\" style=\"background-color:#8c8b85\"><\/span><img decoding=\"async\" width=\"1707\" height=\"2560\" class=\"wp-block-cover__image-background wp-image-652 lazyload\" alt=\"Students sign the book of names\" data-src=\"https:\/\/new24.fourriverscharter.org\/wp-content\/uploads\/2024\/08\/P1070204-scaled.jpg\" style=\"--smush-placeholder-width: 1707px; --smush-placeholder-aspect-ratio: 1707\/2560;object-position:67% 91%\" data-object-fit=\"cover\" data-object-position=\"67% 91%\" data-srcset=\"https:\/\/new24.fourriverscharter.org\/wp-content\/uploads\/2024\/08\/P1070204-scaled.jpg 1707w, https:\/\/new24.fourriverscharter.org\/wp-content\/uploads\/2024\/08\/P1070204-200x300.jpg 200w, https:\/\/new24.fourriverscharter.org\/wp-content\/uploads\/2024\/08\/P1070204-683x1024.jpg 683w, https:\/\/new24.fourriverscharter.org\/wp-content\/uploads\/2024\/08\/P1070204-768x1152.jpg 768w, https:\/\/new24.fourriverscharter.org\/wp-content\/uploads\/2024\/08\/P1070204-1024x1536.jpg 1024w, https:\/\/new24.fourriverscharter.org\/wp-content\/uploads\/2024\/08\/P1070204-1365x2048.jpg 1365w\" data-sizes=\"(max-width: 1707px) 100vw, 1707px\" src=\"data:image\/svg+xml;base64,PHN2ZyB3aWR0aD0iMSIgaGVpZ2h0PSIxIiB4bWxucz0iaHR0cDovL3d3dy53My5vcmcvMjAwMC9zdmciPjwvc3ZnPg==\" \/><div class=\"wp-block-cover__inner-container has-global-padding is-layout-constrained wp-block-cover-is-layout-constrained\">\n<p class=\"has-text-align-center has-xxx-large-font-size\" style=\"font-style:normal;font-weight:600\">Vis\u00edtenos<\/p>\n<\/div><\/div>\n\n<div class=\"wp-block-group has-global-padding is-layout-constrained wp-container-core-group-is-layout-37756290 wp-block-group-is-layout-constrained\" style=\"margin-top:var(--wp--preset--spacing--50);margin-bottom:var(--wp--preset--spacing--50);padding-top:var(--wp--preset--spacing--40);padding-right:var(--wp--preset--spacing--40);padding-bottom:var(--wp--preset--spacing--40);padding-left:var(--wp--preset--spacing--40)\">\n<h3 class=\"wp-block-heading\">Sesiones informativas<\/h3>\n\n\n\n<p>Se recomienda encarecidamente a los futuros alumnos y a sus padres que asistan a las sesiones informativas. Estas sesiones incluyen una presentaci\u00f3n y tiempo para preguntas, con representantes del profesorado, la administraci\u00f3n y los alumnos. Las sesiones informativas son la mejor manera de conocer Four Rivers, el personal y el modelo escolar de Aprendizaje Expedicionario.  <\/p>\n\n\n\n<p>Si una sesi\u00f3n informativa debe posponerse debido a las inclemencias del tiempo, la reprogramaremos para el mi\u00e9rcoles o s\u00e1bado siguiente, o trasladaremos la sesi\u00f3n a Zoom. Por favor, llame a la escuela para confirmar cualquier cambio. <\/p>\n\n\n\n<p>\u00a1Las sesiones de admisi\u00f3n de 2024-2025 se anunciar\u00e1n pronto!<br\/><\/p>\n\n\n\n<h3 class=\"wp-block-heading\">Visitas a las aulas los jueves<\/h3>\n\n\n\n<p>\u00a1Venga a ver nuestro campus en acci\u00f3n! \u00danase a un peque\u00f1o grupo para visitar las aulas. Las visitas se realizan los jueves por la ma\u00f1ana desde principios de enero hasta mediados de febrero. Por favor, llame para concertar una cita: 413-775-4577, ext 400.   <\/p>\n<\/div>\n","protected":false},"excerpt":{"rendered":"<p>Sesiones informativas Se recomienda encarecidamente a los futuros alumnos y a sus padres que asistan a las sesiones informativas. Estas sesiones incluyen una presentaci\u00f3n y tiempo para preguntas, con representantes del profesorado, la administraci\u00f3n y los alumnos. Las sesiones informativas son la mejor manera de conocer Four Rivers, el personal y el modelo escolar de [&hellip;]<\/p>\n","protected":false},"author":1,"featured_media":0,"parent":0,"menu_order":0,"comment_status":"closed","ping_status":"closed","template":"","meta":{"footnotes":""},"folder":[16],"class_list":["post-1739","page","type-page","status-publish","hentry"],"_links":{"self":[{"href":"https:\/\/new24.fourriverscharter.org\/es\/wp-json\/wp\/v2\/pages\/1739","targetHints":{"allow":["GET"]}}],"collection":[{"href":"https:\/\/new24.fourriverscharter.org\/es\/wp-json\/wp\/v2\/pages"}],"about":[{"href":"https:\/\/new24.fourriverscharter.org\/es\/wp-json\/wp\/v2\/types\/page"}],"author":[{"embeddable":true,"href":"https:\/\/new24.fourriverscharter.org\/es\/wp-json\/wp\/v2\/users\/1"}],"replies":[{"embeddable":true,"href":"https:\/\/new24.fourriverscharter.org\/es\/wp-json\/wp\/v2\/comments?post=1739"}],"version-history":[{"count":1,"href":"https:\/\/new24.fourriverscharter.org\/es\/wp-json\/wp\/v2\/pages\/1739\/revisions"}],"predecessor-version":[{"id":1740,"href":"https:\/\/new24.fourriverscharter.org\/es\/wp-json\/wp\/v2\/pages\/1739\/revisions\/1740"}],"wp:attachment":[{"href":"https:\/\/new24.fourriverscharter.org\/es\/wp-json\/wp\/v2\/media?parent=1739"}],"wp:term":[{"taxonomy":"folder","embeddable":true,"href":"https:\/\/new24.fourriverscharter.org\/es\/wp-json\/wp\/v2\/folder?post=1739"}],"curies":[{"name":"wp","href":"https:\/\/api.w.org\/{rel}","templated":true}]}}