{"id":1741,"date":"2024-09-01T18:35:33","date_gmt":"2024-09-01T22:35:33","guid":{"rendered":"https:\/\/new24.fourriverscharter.org\/artes\/"},"modified":"2026-01-14T10:46:17","modified_gmt":"2026-01-14T14:46:17","slug":"artes","status":"publish","type":"page","link":"https:\/\/new24.fourriverscharter.org\/es\/artes\/","title":{"rendered":"Artes"},"content":{"rendered":"\n<div class=\"wp-block-cover\" style=\"min-height:500px;aspect-ratio:unset;\"><span aria-hidden=\"true\" class=\"wp-block-cover__background has-background-dim-30 has-background-dim\" style=\"background-color:#676a64\"><\/span><img decoding=\"async\" width=\"2560\" height=\"1750\" class=\"wp-block-cover__image-background wp-image-765 lazyload\" alt=\"Scene from Once Upon a Mattress\" data-src=\"https:\/\/new24.fourriverscharter.org\/wp-content\/uploads\/2024\/08\/K94A2407-scaled.jpg\" style=\"--smush-placeholder-width: 2560px; --smush-placeholder-aspect-ratio: 2560\/1750;object-position:47% 20%\" data-object-fit=\"cover\" data-object-position=\"47% 20%\" data-srcset=\"https:\/\/new24.fourriverscharter.org\/wp-content\/uploads\/2024\/08\/K94A2407-scaled.jpg 2560w, https:\/\/new24.fourriverscharter.org\/wp-content\/uploads\/2024\/08\/K94A2407-300x205.jpg 300w, https:\/\/new24.fourriverscharter.org\/wp-content\/uploads\/2024\/08\/K94A2407-1024x700.jpg 1024w, https:\/\/new24.fourriverscharter.org\/wp-content\/uploads\/2024\/08\/K94A2407-768x525.jpg 768w, https:\/\/new24.fourriverscharter.org\/wp-content\/uploads\/2024\/08\/K94A2407-1536x1050.jpg 1536w, https:\/\/new24.fourriverscharter.org\/wp-content\/uploads\/2024\/08\/K94A2407-2048x1400.jpg 2048w\" data-sizes=\"(max-width: 2560px) 100vw, 2560px\" src=\"data:image\/svg+xml;base64,PHN2ZyB3aWR0aD0iMSIgaGVpZ2h0PSIxIiB4bWxucz0iaHR0cDovL3d3dy53My5vcmcvMjAwMC9zdmciPjwvc3ZnPg==\" \/><div class=\"wp-block-cover__inner-container is-layout-flow wp-block-cover-is-layout-flow\">\n<p class=\"has-text-align-center has-xxx-large-font-size\" style=\"font-style:normal;font-weight:600\">Artes<\/p>\n<\/div><\/div>\n\n<div class=\"wp-block-group has-global-padding is-layout-constrained wp-container-core-group-is-layout-53a4f742 wp-block-group-is-layout-constrained\" style=\"margin-top:var(--wp--preset--spacing--40);margin-bottom:var(--wp--preset--spacing--40);padding-top:var(--wp--preset--spacing--40);padding-right:var(--wp--preset--spacing--40);padding-bottom:var(--wp--preset--spacing--40);padding-left:var(--wp--preset--spacing--40)\">\n<p class=\"has-large-font-size\">Las artes desempe\u00f1an un papel importante en la vida de muchos estudiantes y profesores de Four Rivers.<\/p>\n\n\n\n<p class=\"has-large-font-size\">Adem\u00e1s de los \u00abtribs\u00bb de m\u00fasica y arte, ofrecemos actividades de enriquecimiento extraescolares para los estudiantes interesados.<\/p>\n\n\n\n<p class=\"has-large-font-size\">Dos de los programas m\u00e1s populares de Four Rivers son el Variety Show anual y nuestro Club de Teatro.<\/p>\n<\/div>\n\n<div class=\"wp-block-cover\" style=\"min-height:127px;aspect-ratio:unset;\"><span aria-hidden=\"true\" class=\"wp-block-cover__background has-custom-logo-background-color has-background-dim-100 has-background-dim\"><\/span><div class=\"wp-block-cover__inner-container is-layout-flow wp-block-cover-is-layout-flow\">\n<p class=\"has-text-align-center has-xx-large-font-size\">Variety Show<\/p>\n<\/div><\/div>\n\n<div class=\"wp-block-columns is-layout-flex wp-container-core-columns-is-layout-28f84493 wp-block-columns-is-layout-flex\">\n<div class=\"wp-block-column is-layout-flow wp-container-core-column-is-layout-545b9678 wp-block-column-is-layout-flow\" style=\"padding-top:var(--wp--preset--spacing--40);padding-right:0;padding-bottom:var(--wp--preset--spacing--40);padding-left:0;flex-basis:50%\">\n<div class=\"wp-block-group has-global-padding is-layout-constrained wp-container-core-group-is-layout-cf69b521 wp-block-group-is-layout-constrained\" style=\"margin-top:var(--wp--preset--spacing--50);margin-bottom:var(--wp--preset--spacing--50)\">\n<p>El Variety Show anual es una tradici\u00f3n consagrada en Four Rivers. Abierto a cualquier estudiante o miembro del profesorado que quiera actuar, el Variety Show es un punto culminante del a\u00f1o para todos.  <\/p>\n\n\n\n<p>La mayor\u00eda de los n\u00fameros son de naturaleza musical, pero el espect\u00e1culo hace honor a la \u00abvariedad\u00bb de su nombre con un surtido de actuaciones inusuales y divertidas. <\/p>\n\n\n\n<p>Entre los momentos m\u00e1s destacados del pasado se incluyen:<\/p>\n\n\n\n<ul class=\"wp-block-list\">\n<li>Trucos con el yo-yo<\/li>\n\n\n\n<li>Trapecio<\/li>\n\n\n\n<li>Equilibrio de manos<\/li>\n\n\n\n<li>Giro de platos<\/li>\n\n\n\n<li>Comedia de improvisaci\u00f3n<\/li>\n\n\n\n<li>Poes\u00eda hablada<\/li>\n\n\n\n<li>Taekwondo<\/li>\n\n\n\n<li>Danza moderna<\/li>\n<\/ul>\n<\/div>\n<\/div>\n\n\n\n<div class=\"wp-block-column is-layout-flow wp-block-column-is-layout-flow\" style=\"flex-basis:50%\">\n<div class=\"wp-block-group is-layout-flow wp-block-group-is-layout-flow has-background lazyload\" style=\"min-height:100%;background-image:inherit;background-position:52% 36%;background-size:cover;\" data-bg-image=\"url(&amp;apos;https:\/\/new24.fourriverscharter.org\/wp-content\/uploads\/2024\/08\/K94A1382-scaled.jpg&amp;apos;)\"><\/div>\n<\/div>\n<\/div>\n\n<div class=\"wp-block-columns is-layout-flex wp-container-core-columns-is-layout-28f84493 wp-block-columns-is-layout-flex\">\n<div class=\"wp-block-column is-layout-flow wp-block-column-is-layout-flow\">\n<figure class=\"wp-block-image size-large\"><img decoding=\"async\" width=\"1024\" height=\"1024\" data-src=\"https:\/\/new24.fourriverscharter.org\/wp-content\/uploads\/2024\/08\/K94A1582-1024x1024.jpg\" alt=\"Guitarra\" class=\"wp-image-748 lazyload\" style=\"--smush-placeholder-width: 1024px; --smush-placeholder-aspect-ratio: 1024\/1024;aspect-ratio:1;object-fit:cover\" data-srcset=\"https:\/\/new24.fourriverscharter.org\/wp-content\/uploads\/2024\/08\/K94A1582-1024x1024.jpg 1024w, https:\/\/new24.fourriverscharter.org\/wp-content\/uploads\/2024\/08\/K94A1582-300x300.jpg 300w, https:\/\/new24.fourriverscharter.org\/wp-content\/uploads\/2024\/08\/K94A1582-150x150.jpg 150w, https:\/\/new24.fourriverscharter.org\/wp-content\/uploads\/2024\/08\/K94A1582-768x768.jpg 768w, https:\/\/new24.fourriverscharter.org\/wp-content\/uploads\/2024\/08\/K94A1582-1536x1536.jpg 1536w, https:\/\/new24.fourriverscharter.org\/wp-content\/uploads\/2024\/08\/K94A1582-2048x2048.jpg 2048w\" data-sizes=\"(max-width: 1024px) 100vw, 1024px\" src=\"data:image\/svg+xml;base64,PHN2ZyB3aWR0aD0iMSIgaGVpZ2h0PSIxIiB4bWxucz0iaHR0cDovL3d3dy53My5vcmcvMjAwMC9zdmciPjwvc3ZnPg==\" \/><\/figure>\n<\/div>\n\n\n\n<div class=\"wp-block-column is-layout-flow wp-block-column-is-layout-flow\">\n<figure class=\"wp-block-image size-large\"><a href=\"https:\/\/new24.fourriverscharter.org\/wp-content\/uploads\/2024\/08\/K94A1633-scaled.jpg\"><img decoding=\"async\" width=\"1024\" height=\"1024\" data-src=\"https:\/\/new24.fourriverscharter.org\/wp-content\/uploads\/2024\/08\/K94A1633-1024x1024.jpg\" alt=\"Tocar el piano\" class=\"wp-image-764 lazyload\" style=\"--smush-placeholder-width: 1024px; --smush-placeholder-aspect-ratio: 1024\/1024;aspect-ratio:1;object-fit:cover\" data-srcset=\"https:\/\/new24.fourriverscharter.org\/wp-content\/uploads\/2024\/08\/K94A1633-1024x1024.jpg 1024w, https:\/\/new24.fourriverscharter.org\/wp-content\/uploads\/2024\/08\/K94A1633-300x300.jpg 300w, https:\/\/new24.fourriverscharter.org\/wp-content\/uploads\/2024\/08\/K94A1633-150x150.jpg 150w, https:\/\/new24.fourriverscharter.org\/wp-content\/uploads\/2024\/08\/K94A1633-768x768.jpg 768w, https:\/\/new24.fourriverscharter.org\/wp-content\/uploads\/2024\/08\/K94A1633-1536x1536.jpg 1536w, https:\/\/new24.fourriverscharter.org\/wp-content\/uploads\/2024\/08\/K94A1633-2048x2048.jpg 2048w\" data-sizes=\"(max-width: 1024px) 100vw, 1024px\" src=\"data:image\/svg+xml;base64,PHN2ZyB3aWR0aD0iMSIgaGVpZ2h0PSIxIiB4bWxucz0iaHR0cDovL3d3dy53My5vcmcvMjAwMC9zdmciPjwvc3ZnPg==\" \/><\/a><\/figure>\n<\/div>\n\n\n\n<div class=\"wp-block-column is-layout-flow wp-block-column-is-layout-flow\">\n<figure class=\"wp-block-image size-large\"><a href=\"https:\/\/new24.fourriverscharter.org\/wp-content\/uploads\/2024\/08\/K94A1622-scaled.jpg\"><img decoding=\"async\" width=\"1024\" height=\"1024\" data-src=\"https:\/\/new24.fourriverscharter.org\/wp-content\/uploads\/2024\/08\/K94A1622-1024x1024.jpg\" alt=\"Guitarra\" class=\"wp-image-762 lazyload\" style=\"--smush-placeholder-width: 1024px; --smush-placeholder-aspect-ratio: 1024\/1024;aspect-ratio:1;object-fit:cover\" data-srcset=\"https:\/\/new24.fourriverscharter.org\/wp-content\/uploads\/2024\/08\/K94A1622-1024x1024.jpg 1024w, https:\/\/new24.fourriverscharter.org\/wp-content\/uploads\/2024\/08\/K94A1622-300x300.jpg 300w, https:\/\/new24.fourriverscharter.org\/wp-content\/uploads\/2024\/08\/K94A1622-150x150.jpg 150w, https:\/\/new24.fourriverscharter.org\/wp-content\/uploads\/2024\/08\/K94A1622-768x768.jpg 768w, https:\/\/new24.fourriverscharter.org\/wp-content\/uploads\/2024\/08\/K94A1622-1536x1536.jpg 1536w, https:\/\/new24.fourriverscharter.org\/wp-content\/uploads\/2024\/08\/K94A1622-2048x2048.jpg 2048w\" data-sizes=\"(max-width: 1024px) 100vw, 1024px\" src=\"data:image\/svg+xml;base64,PHN2ZyB3aWR0aD0iMSIgaGVpZ2h0PSIxIiB4bWxucz0iaHR0cDovL3d3dy53My5vcmcvMjAwMC9zdmciPjwvc3ZnPg==\" \/><\/a><\/figure>\n<\/div>\n\n\n\n<div class=\"wp-block-column is-layout-flow wp-block-column-is-layout-flow\">\n<figure class=\"wp-block-image size-large\"><a href=\"https:\/\/new24.fourriverscharter.org\/wp-content\/uploads\/2024\/08\/IMGP8772-scaled.jpg\"><img decoding=\"async\" width=\"768\" height=\"1024\" data-src=\"https:\/\/new24.fourriverscharter.org\/wp-content\/uploads\/2024\/08\/IMGP8772-768x1024.jpg\" alt=\"Canto entusiasta\" class=\"wp-image-1041 lazyload\" style=\"--smush-placeholder-width: 768px; --smush-placeholder-aspect-ratio: 768\/1024;aspect-ratio:1;object-fit:cover\" data-srcset=\"https:\/\/new24.fourriverscharter.org\/wp-content\/uploads\/2024\/08\/IMGP8772-768x1024.jpg 768w, https:\/\/new24.fourriverscharter.org\/wp-content\/uploads\/2024\/08\/IMGP8772-225x300.jpg 225w, https:\/\/new24.fourriverscharter.org\/wp-content\/uploads\/2024\/08\/IMGP8772-1152x1536.jpg 1152w, https:\/\/new24.fourriverscharter.org\/wp-content\/uploads\/2024\/08\/IMGP8772-1536x2048.jpg 1536w, https:\/\/new24.fourriverscharter.org\/wp-content\/uploads\/2024\/08\/IMGP8772-scaled.jpg 1920w\" data-sizes=\"(max-width: 768px) 100vw, 768px\" src=\"data:image\/svg+xml;base64,PHN2ZyB3aWR0aD0iMSIgaGVpZ2h0PSIxIiB4bWxucz0iaHR0cDovL3d3dy53My5vcmcvMjAwMC9zdmciPjwvc3ZnPg==\" \/><\/a><\/figure>\n<\/div>\n\n\n\n<div class=\"wp-block-column is-layout-flow wp-block-column-is-layout-flow\">\n<figure class=\"wp-block-image size-large\"><a href=\"https:\/\/new24.fourriverscharter.org\/wp-content\/uploads\/2024\/08\/K94A1587-scaled.jpg\"><img decoding=\"async\" width=\"2560\" height=\"2560\" data-src=\"https:\/\/new24.fourriverscharter.org\/wp-content\/uploads\/2024\/10\/K94A1587-edited-scaled.jpg\" alt=\"Canto con acompa&#xF1;amiento\" class=\"wp-image-1435 lazyload\" style=\"--smush-placeholder-width: 2560px; --smush-placeholder-aspect-ratio: 2560\/2560;aspect-ratio:1;object-fit:cover\" data-srcset=\"https:\/\/new24.fourriverscharter.org\/wp-content\/uploads\/2024\/10\/K94A1587-edited-scaled.jpg 2560w, https:\/\/new24.fourriverscharter.org\/wp-content\/uploads\/2024\/10\/K94A1587-edited-300x300.jpg 300w, https:\/\/new24.fourriverscharter.org\/wp-content\/uploads\/2024\/10\/K94A1587-edited-1024x1024.jpg 1024w, https:\/\/new24.fourriverscharter.org\/wp-content\/uploads\/2024\/10\/K94A1587-edited-150x150.jpg 150w, https:\/\/new24.fourriverscharter.org\/wp-content\/uploads\/2024\/10\/K94A1587-edited-768x768.jpg 768w, https:\/\/new24.fourriverscharter.org\/wp-content\/uploads\/2024\/10\/K94A1587-edited-1536x1536.jpg 1536w, https:\/\/new24.fourriverscharter.org\/wp-content\/uploads\/2024\/10\/K94A1587-edited-2048x2048.jpg 2048w\" data-sizes=\"(max-width: 2560px) 100vw, 2560px\" src=\"data:image\/svg+xml;base64,PHN2ZyB3aWR0aD0iMSIgaGVpZ2h0PSIxIiB4bWxucz0iaHR0cDovL3d3dy53My5vcmcvMjAwMC9zdmciPjwvc3ZnPg==\" \/><\/a><\/figure>\n<\/div>\n\n\n\n<div class=\"wp-block-column is-layout-flow wp-block-column-is-layout-flow\">\n<figure class=\"wp-block-image size-large\"><a href=\"https:\/\/new24.fourriverscharter.org\/wp-content\/uploads\/2024\/08\/K94A1432-scaled.jpg\"><img decoding=\"async\" width=\"1024\" height=\"1024\" data-src=\"https:\/\/new24.fourriverscharter.org\/wp-content\/uploads\/2024\/08\/K94A1432-1024x1024.jpg\" alt=\"Guitarra\" class=\"wp-image-699 lazyload\" style=\"--smush-placeholder-width: 1024px; --smush-placeholder-aspect-ratio: 1024\/1024;aspect-ratio:1;object-fit:cover\" data-srcset=\"https:\/\/new24.fourriverscharter.org\/wp-content\/uploads\/2024\/08\/K94A1432-1024x1024.jpg 1024w, https:\/\/new24.fourriverscharter.org\/wp-content\/uploads\/2024\/08\/K94A1432-300x300.jpg 300w, https:\/\/new24.fourriverscharter.org\/wp-content\/uploads\/2024\/08\/K94A1432-150x150.jpg 150w, https:\/\/new24.fourriverscharter.org\/wp-content\/uploads\/2024\/08\/K94A1432-768x768.jpg 768w, https:\/\/new24.fourriverscharter.org\/wp-content\/uploads\/2024\/08\/K94A1432-1536x1536.jpg 1536w, https:\/\/new24.fourriverscharter.org\/wp-content\/uploads\/2024\/08\/K94A1432-2048x2048.jpg 2048w\" data-sizes=\"(max-width: 1024px) 100vw, 1024px\" src=\"data:image\/svg+xml;base64,PHN2ZyB3aWR0aD0iMSIgaGVpZ2h0PSIxIiB4bWxucz0iaHR0cDovL3d3dy53My5vcmcvMjAwMC9zdmciPjwvc3ZnPg==\" \/><\/a><\/figure>\n<\/div>\n<\/div>\n\n<figure class=\"wp-block-embed aligncenter is-type-video is-provider-youtube wp-block-embed-youtube wp-embed-aspect-16-9 wp-has-aspect-ratio\"><div class=\"wp-block-embed__wrapper\">\n<iframe title=\"2024 4 Rivers Variety Show\" width=\"500\" height=\"281\" data-src=\"https:\/\/www.youtube.com\/embed\/HJtaycggvfg?feature=oembed\" frameborder=\"0\" allow=\"accelerometer; autoplay; clipboard-write; encrypted-media; gyroscope; picture-in-picture; web-share\" referrerpolicy=\"strict-origin-when-cross-origin\" allowfullscreen src=\"data:image\/svg+xml;base64,PHN2ZyB3aWR0aD0iMSIgaGVpZ2h0PSIxIiB4bWxucz0iaHR0cDovL3d3dy53My5vcmcvMjAwMC9zdmciPjwvc3ZnPg==\" class=\"lazyload\" data-load-mode=\"1\"><\/iframe>\n<\/div><\/figure>\n\n<div class=\"wp-block-cover\" style=\"min-height:127px;aspect-ratio:unset;\"><span aria-hidden=\"true\" class=\"wp-block-cover__background has-custom-logo-background-color has-background-dim-100 has-background-dim\"><\/span><div class=\"wp-block-cover__inner-container is-layout-flow wp-block-cover-is-layout-flow\">\n<p class=\"has-text-align-center has-xx-large-font-size\">Club de Teatro<\/p>\n<\/div><\/div>\n\n<div class=\"wp-block-columns is-layout-flex wp-container-core-columns-is-layout-28f84493 wp-block-columns-is-layout-flex\">\n<div class=\"wp-block-column is-layout-flow wp-block-column-is-layout-flow\" style=\"flex-basis:50%\">\n<div class=\"wp-block-group is-layout-flow wp-block-group-is-layout-flow has-background lazyload\" style=\"min-height:100%;background-image:inherit;background-position:38% 27%;background-size:cover;\" data-bg-image=\"url(&amp;apos;https:\/\/new24.fourriverscharter.org\/wp-content\/uploads\/2024\/08\/OutdoorTheater-scaled.jpg&amp;apos;)\"><\/div>\n<\/div>\n\n\n\n<div class=\"wp-block-column is-layout-flow wp-container-core-column-is-layout-545b9678 wp-block-column-is-layout-flow\" style=\"padding-top:var(--wp--preset--spacing--40);padding-right:0;padding-bottom:var(--wp--preset--spacing--40);padding-left:0;flex-basis:50%\">\n<div class=\"wp-block-group has-global-padding is-layout-constrained wp-container-core-group-is-layout-cf69b521 wp-block-group-is-layout-constrained\" style=\"margin-top:var(--wp--preset--spacing--50);margin-bottom:var(--wp--preset--spacing--50)\">\n<p>Las producciones anuales del Club de Teatro de Four Rivers son una parte clave de cada a\u00f1o en nuestra escuela. Las producciones se alternan entre obras de teatro y musicales.  <\/p>\n\n\n\n<p>Desde su primer espect\u00e1culo en 2009, el Club de Teatro ha crecido hasta involucrar a estudiantes de todos los cursos como int\u00e9rpretes, equipo de escenario, constructores de decorados y dise\u00f1adores de vestuario.<\/p>\n\n\n\n<p>Los a\u00f1os musicales tambi\u00e9n involucran a una banda de foso compuesta por estudiantes y miembros de la comunidad.<\/p>\n\n\n\n<p>Espect\u00e1culos recientes:<\/p>\n\n\n\n<ul class=\"wp-block-list\">\n<li>2024: <em>Once Upon A Mattress<\/em><\/li>\n\n\n\n<li>2023: <em>Twelfth Night<\/em> (dirigida por estudiantes)<\/li>\n\n\n\n<li>2022: <em>Something Rotten<\/em>! (realizada al aire libre, en la foto de la izquierda)<\/li>\n\n\n\n<li>2021: <em>Mr. Burns: A Post-Electric Play<\/em> (realizada al aire libre)<\/li>\n\n\n\n<li>2020: <em>Head Over Heels<\/em><\/li>\n\n\n\n<li>2019: <em>Stage Door<\/em><\/li>\n<\/ul>\n<\/div>\n<\/div>\n<\/div>\n\n<div class=\"wp-block-columns is-layout-flex wp-container-core-columns-is-layout-28f84493 wp-block-columns-is-layout-flex\">\n<div class=\"wp-block-column is-layout-flow wp-block-column-is-layout-flow\">\n<figure class=\"wp-block-image size-large\"><a href=\"https:\/\/new24.fourriverscharter.org\/wp-content\/uploads\/2024\/08\/TwelfthNight3.jpg\"><img decoding=\"async\" width=\"1267\" height=\"1268\" data-src=\"https:\/\/new24.fourriverscharter.org\/wp-content\/uploads\/2024\/10\/TwelfthNight3-edited.jpg\" alt=\"Twelfth Night\" class=\"wp-image-1439 lazyload\" style=\"--smush-placeholder-width: 1267px; --smush-placeholder-aspect-ratio: 1267\/1268;aspect-ratio:1;object-fit:cover\" data-srcset=\"https:\/\/new24.fourriverscharter.org\/wp-content\/uploads\/2024\/10\/TwelfthNight3-edited.jpg 1267w, https:\/\/new24.fourriverscharter.org\/wp-content\/uploads\/2024\/10\/TwelfthNight3-edited-300x300.jpg 300w, https:\/\/new24.fourriverscharter.org\/wp-content\/uploads\/2024\/10\/TwelfthNight3-edited-1024x1024.jpg 1024w, https:\/\/new24.fourriverscharter.org\/wp-content\/uploads\/2024\/10\/TwelfthNight3-edited-150x150.jpg 150w, https:\/\/new24.fourriverscharter.org\/wp-content\/uploads\/2024\/10\/TwelfthNight3-edited-768x769.jpg 768w\" data-sizes=\"(max-width: 1267px) 100vw, 1267px\" src=\"data:image\/svg+xml;base64,PHN2ZyB3aWR0aD0iMSIgaGVpZ2h0PSIxIiB4bWxucz0iaHR0cDovL3d3dy53My5vcmcvMjAwMC9zdmciPjwvc3ZnPg==\" \/><\/a><\/figure>\n<\/div>\n\n\n\n<div class=\"wp-block-column is-layout-flow wp-block-column-is-layout-flow\">\n<figure class=\"wp-block-image size-large\"><a href=\"https:\/\/new24.fourriverscharter.org\/wp-content\/uploads\/2024\/08\/TwelfthNight2.jpg\"><img decoding=\"async\" width=\"1024\" height=\"819\" data-src=\"https:\/\/new24.fourriverscharter.org\/wp-content\/uploads\/2024\/08\/TwelfthNight2-1024x819.jpg\" alt=\"Twelfth Night\" class=\"wp-image-203 lazyload\" style=\"--smush-placeholder-width: 1024px; --smush-placeholder-aspect-ratio: 1024\/819;aspect-ratio:1;object-fit:cover\" data-srcset=\"https:\/\/new24.fourriverscharter.org\/wp-content\/uploads\/2024\/08\/TwelfthNight2-1024x819.jpg 1024w, https:\/\/new24.fourriverscharter.org\/wp-content\/uploads\/2024\/08\/TwelfthNight2-300x240.jpg 300w, https:\/\/new24.fourriverscharter.org\/wp-content\/uploads\/2024\/08\/TwelfthNight2-768x614.jpg 768w, https:\/\/new24.fourriverscharter.org\/wp-content\/uploads\/2024\/08\/TwelfthNight2-1536x1229.jpg 1536w, https:\/\/new24.fourriverscharter.org\/wp-content\/uploads\/2024\/08\/TwelfthNight2.jpg 1900w\" data-sizes=\"(max-width: 1024px) 100vw, 1024px\" src=\"data:image\/svg+xml;base64,PHN2ZyB3aWR0aD0iMSIgaGVpZ2h0PSIxIiB4bWxucz0iaHR0cDovL3d3dy53My5vcmcvMjAwMC9zdmciPjwvc3ZnPg==\" \/><\/a><\/figure>\n<\/div>\n\n\n\n<div class=\"wp-block-column is-layout-flow wp-block-column-is-layout-flow\">\n<figure class=\"wp-block-image size-large\"><a href=\"https:\/\/new24.fourriverscharter.org\/wp-content\/uploads\/2024\/08\/TwelfthNight-scaled.jpg\"><img decoding=\"async\" width=\"2560\" height=\"2560\" data-src=\"https:\/\/new24.fourriverscharter.org\/wp-content\/uploads\/2024\/10\/TwelfthNight-edited-scaled.jpg\" alt=\"Twelfth Night\" class=\"wp-image-1442 lazyload\" style=\"--smush-placeholder-width: 2560px; --smush-placeholder-aspect-ratio: 2560\/2560;aspect-ratio:1;object-fit:cover\" data-srcset=\"https:\/\/new24.fourriverscharter.org\/wp-content\/uploads\/2024\/10\/TwelfthNight-edited-scaled.jpg 2560w, https:\/\/new24.fourriverscharter.org\/wp-content\/uploads\/2024\/10\/TwelfthNight-edited-300x300.jpg 300w, https:\/\/new24.fourriverscharter.org\/wp-content\/uploads\/2024\/10\/TwelfthNight-edited-1024x1024.jpg 1024w, https:\/\/new24.fourriverscharter.org\/wp-content\/uploads\/2024\/10\/TwelfthNight-edited-150x150.jpg 150w, https:\/\/new24.fourriverscharter.org\/wp-content\/uploads\/2024\/10\/TwelfthNight-edited-768x768.jpg 768w, https:\/\/new24.fourriverscharter.org\/wp-content\/uploads\/2024\/10\/TwelfthNight-edited-1536x1536.jpg 1536w, https:\/\/new24.fourriverscharter.org\/wp-content\/uploads\/2024\/10\/TwelfthNight-edited-2048x2048.jpg 2048w\" data-sizes=\"(max-width: 2560px) 100vw, 2560px\" src=\"data:image\/svg+xml;base64,PHN2ZyB3aWR0aD0iMSIgaGVpZ2h0PSIxIiB4bWxucz0iaHR0cDovL3d3dy53My5vcmcvMjAwMC9zdmciPjwvc3ZnPg==\" \/><\/a><\/figure>\n<\/div>\n\n\n\n<div class=\"wp-block-column is-layout-flow wp-block-column-is-layout-flow\">\n<figure class=\"wp-block-image size-large\"><a href=\"https:\/\/new24.fourriverscharter.org\/wp-content\/uploads\/2024\/08\/Mattress4-scaled.jpg\"><img decoding=\"async\" width=\"1024\" height=\"771\" data-src=\"https:\/\/new24.fourriverscharter.org\/wp-content\/uploads\/2024\/08\/Mattress4-1024x771.jpg\" alt=\"Once Upon a Mattress\" class=\"wp-image-181 lazyload\" style=\"--smush-placeholder-width: 1024px; --smush-placeholder-aspect-ratio: 1024\/771;aspect-ratio:1;object-fit:cover\" data-srcset=\"https:\/\/new24.fourriverscharter.org\/wp-content\/uploads\/2024\/08\/Mattress4-1024x771.jpg 1024w, https:\/\/new24.fourriverscharter.org\/wp-content\/uploads\/2024\/08\/Mattress4-300x226.jpg 300w, https:\/\/new24.fourriverscharter.org\/wp-content\/uploads\/2024\/08\/Mattress4-768x578.jpg 768w, https:\/\/new24.fourriverscharter.org\/wp-content\/uploads\/2024\/08\/Mattress4-1536x1157.jpg 1536w, https:\/\/new24.fourriverscharter.org\/wp-content\/uploads\/2024\/08\/Mattress4-2048x1542.jpg 2048w\" data-sizes=\"(max-width: 1024px) 100vw, 1024px\" src=\"data:image\/svg+xml;base64,PHN2ZyB3aWR0aD0iMSIgaGVpZ2h0PSIxIiB4bWxucz0iaHR0cDovL3d3dy53My5vcmcvMjAwMC9zdmciPjwvc3ZnPg==\" \/><\/a><\/figure>\n<\/div>\n\n\n\n<div class=\"wp-block-column is-layout-flow wp-block-column-is-layout-flow\">\n<figure class=\"wp-block-image size-large\"><a href=\"https:\/\/new24.fourriverscharter.org\/wp-content\/uploads\/2024\/08\/K94A2356-scaled.jpg\"><img decoding=\"async\" width=\"2520\" height=\"2519\" data-src=\"https:\/\/new24.fourriverscharter.org\/wp-content\/uploads\/2024\/10\/K94A2356-edited.jpg\" alt=\"Estudiante actuando como el juglar\" class=\"wp-image-1438 lazyload\" style=\"--smush-placeholder-width: 2520px; --smush-placeholder-aspect-ratio: 2520\/2519;aspect-ratio:1;object-fit:cover\" data-srcset=\"https:\/\/new24.fourriverscharter.org\/wp-content\/uploads\/2024\/10\/K94A2356-edited.jpg 2520w, https:\/\/new24.fourriverscharter.org\/wp-content\/uploads\/2024\/10\/K94A2356-edited-300x300.jpg 300w, https:\/\/new24.fourriverscharter.org\/wp-content\/uploads\/2024\/10\/K94A2356-edited-1024x1024.jpg 1024w, https:\/\/new24.fourriverscharter.org\/wp-content\/uploads\/2024\/10\/K94A2356-edited-150x150.jpg 150w, https:\/\/new24.fourriverscharter.org\/wp-content\/uploads\/2024\/10\/K94A2356-edited-768x768.jpg 768w, https:\/\/new24.fourriverscharter.org\/wp-content\/uploads\/2024\/10\/K94A2356-edited-1536x1536.jpg 1536w, https:\/\/new24.fourriverscharter.org\/wp-content\/uploads\/2024\/10\/K94A2356-edited-2048x2048.jpg 2048w\" data-sizes=\"(max-width: 2520px) 100vw, 2520px\" src=\"data:image\/svg+xml;base64,PHN2ZyB3aWR0aD0iMSIgaGVpZ2h0PSIxIiB4bWxucz0iaHR0cDovL3d3dy53My5vcmcvMjAwMC9zdmciPjwvc3ZnPg==\" \/><\/a><\/figure>\n<\/div>\n\n\n\n<div class=\"wp-block-column is-layout-flow wp-block-column-is-layout-flow\">\n<figure class=\"wp-block-image size-large\"><a href=\"https:\/\/new24.fourriverscharter.org\/wp-content\/uploads\/2024\/08\/K94A2749-scaled.jpg\"><img decoding=\"async\" width=\"1024\" height=\"769\" data-src=\"https:\/\/new24.fourriverscharter.org\/wp-content\/uploads\/2024\/08\/K94A2749-1024x769.jpg\" alt=\"Once Upon a Mattress\" class=\"wp-image-782 lazyload\" style=\"--smush-placeholder-width: 1024px; --smush-placeholder-aspect-ratio: 1024\/769;aspect-ratio:1;object-fit:cover\" data-srcset=\"https:\/\/new24.fourriverscharter.org\/wp-content\/uploads\/2024\/08\/K94A2749-1024x769.jpg 1024w, https:\/\/new24.fourriverscharter.org\/wp-content\/uploads\/2024\/08\/K94A2749-300x225.jpg 300w, https:\/\/new24.fourriverscharter.org\/wp-content\/uploads\/2024\/08\/K94A2749-768x577.jpg 768w, https:\/\/new24.fourriverscharter.org\/wp-content\/uploads\/2024\/08\/K94A2749-1536x1153.jpg 1536w, https:\/\/new24.fourriverscharter.org\/wp-content\/uploads\/2024\/08\/K94A2749-2048x1538.jpg 2048w\" data-sizes=\"(max-width: 1024px) 100vw, 1024px\" src=\"data:image\/svg+xml;base64,PHN2ZyB3aWR0aD0iMSIgaGVpZ2h0PSIxIiB4bWxucz0iaHR0cDovL3d3dy53My5vcmcvMjAwMC9zdmciPjwvc3ZnPg==\" \/><\/a><\/figure>\n<\/div>\n<\/div>\n","protected":false},"excerpt":{"rendered":"<p>Las artes desempe\u00f1an un papel importante en la vida de muchos estudiantes y profesores de Four Rivers. Adem\u00e1s de los \u00abtribs\u00bb de m\u00fasica y arte, ofrecemos actividades de enriquecimiento extraescolares para los estudiantes interesados. Dos de los programas m\u00e1s populares de Four Rivers son el Variety Show anual y nuestro Club de Teatro. El Variety [&hellip;]<\/p>\n","protected":false},"author":1,"featured_media":0,"parent":0,"menu_order":0,"comment_status":"closed","ping_status":"closed","template":"","meta":{"footnotes":""},"folder":[15],"class_list":["post-1741","page","type-page","status-publish","hentry"],"_links":{"self":[{"href":"https:\/\/new24.fourriverscharter.org\/es\/wp-json\/wp\/v2\/pages\/1741","targetHints":{"allow":["GET"]}}],"collection":[{"href":"https:\/\/new24.fourriverscharter.org\/es\/wp-json\/wp\/v2\/pages"}],"about":[{"href":"https:\/\/new24.fourriverscharter.org\/es\/wp-json\/wp\/v2\/types\/page"}],"author":[{"embeddable":true,"href":"https:\/\/new24.fourriverscharter.org\/es\/wp-json\/wp\/v2\/users\/1"}],"replies":[{"embeddable":true,"href":"https:\/\/new24.fourriverscharter.org\/es\/wp-json\/wp\/v2\/comments?post=1741"}],"version-history":[{"count":1,"href":"https:\/\/new24.fourriverscharter.org\/es\/wp-json\/wp\/v2\/pages\/1741\/revisions"}],"predecessor-version":[{"id":1742,"href":"https:\/\/new24.fourriverscharter.org\/es\/wp-json\/wp\/v2\/pages\/1741\/revisions\/1742"}],"wp:attachment":[{"href":"https:\/\/new24.fourriverscharter.org\/es\/wp-json\/wp\/v2\/media?parent=1741"}],"wp:term":[{"taxonomy":"folder","embeddable":true,"href":"https:\/\/new24.fourriverscharter.org\/es\/wp-json\/wp\/v2\/folder?post=1741"}],"curies":[{"name":"wp","href":"https:\/\/api.w.org\/{rel}","templated":true}]}}