{"id":1743,"date":"2024-10-27T17:42:06","date_gmt":"2024-10-27T21:42:06","guid":{"rendered":"https:\/\/new24.fourriverscharter.org\/mapas-curriculares\/"},"modified":"2026-01-14T10:46:17","modified_gmt":"2026-01-14T14:46:17","slug":"mapas-curriculares","status":"publish","type":"page","link":"https:\/\/new24.fourriverscharter.org\/es\/mapas-curriculares\/","title":{"rendered":"Mapas curriculares"},"content":{"rendered":"\n<div class=\"wp-block-cover\" style=\"min-height:500px;aspect-ratio:unset;\"><span aria-hidden=\"true\" class=\"wp-block-cover__background has-background-dim\" style=\"background-color:#8e7667\"><\/span><img decoding=\"async\" width=\"2560\" height=\"1707\" class=\"wp-block-cover__image-background wp-image-1397 lazyload\" alt=\"\" data-src=\"https:\/\/new24.fourriverscharter.org\/wp-content\/uploads\/2024\/10\/P1100865-scaled.jpg\" style=\"--smush-placeholder-width: 2560px; --smush-placeholder-aspect-ratio: 2560\/1707;object-position:56% 12%\" data-object-fit=\"cover\" data-object-position=\"56% 12%\" data-srcset=\"https:\/\/new24.fourriverscharter.org\/wp-content\/uploads\/2024\/10\/P1100865-scaled.jpg 2560w, https:\/\/new24.fourriverscharter.org\/wp-content\/uploads\/2024\/10\/P1100865-300x200.jpg 300w, https:\/\/new24.fourriverscharter.org\/wp-content\/uploads\/2024\/10\/P1100865-1024x683.jpg 1024w, https:\/\/new24.fourriverscharter.org\/wp-content\/uploads\/2024\/10\/P1100865-768x512.jpg 768w, https:\/\/new24.fourriverscharter.org\/wp-content\/uploads\/2024\/10\/P1100865-1536x1024.jpg 1536w, https:\/\/new24.fourriverscharter.org\/wp-content\/uploads\/2024\/10\/P1100865-2048x1365.jpg 2048w\" data-sizes=\"(max-width: 2560px) 100vw, 2560px\" src=\"data:image\/svg+xml;base64,PHN2ZyB3aWR0aD0iMSIgaGVpZ2h0PSIxIiB4bWxucz0iaHR0cDovL3d3dy53My5vcmcvMjAwMC9zdmciPjwvc3ZnPg==\" \/><div class=\"wp-block-cover__inner-container is-layout-flow wp-block-cover-is-layout-flow\">\n<p class=\"has-text-align-center has-xxx-large-font-size\"><strong>Mapas curriculares<\/strong><\/p>\n<\/div><\/div>\n\n<div class=\"wp-block-group has-global-padding is-layout-constrained wp-container-core-group-is-layout-08c34e3b wp-block-group-is-layout-constrained\" style=\"margin-top:var(--wp--preset--spacing--40);margin-bottom:var(--wp--preset--spacing--40);padding-top:var(--wp--preset--spacing--40);padding-bottom:var(--wp--preset--spacing--40)\">\n<p>El plan de estudios acad\u00e9mico de Four Rivers Charter Public School est\u00e1 alineado con los marcos curriculares de Massachusetts para Lengua y Literatura Inglesas, Matem\u00e1ticas, Ciencia y Tecnolog\u00eda, Historia y Ciencias Sociales, Espa\u00f1ol y Bienestar. Sin embargo, su forma real proviene de nuestro profesorado, que trabaja en conjunto para moldear la misi\u00f3n de Four Rivers, los puntos de referencia de la pr\u00e1ctica central del aprendizaje expedicionario y los marcos estatales en nuestro programa \u00fanico. <\/p>\n\n\n\n<p>Los mapas curriculares proporcionan una visi\u00f3n general de cada curso, incluyendo lo que los estudiantes aprender\u00e1n y experimentar\u00e1n, as\u00ed como la forma en que ser\u00e1n evaluados. Tenga en cuenta que cada mapa es un documento vivo, ya que nuestros cursos cambian un poco cada a\u00f1o. Algunos mapas curriculares a\u00fan est\u00e1n en fase de cambio, y los enlaces se activar\u00e1n a medida que los mapas est\u00e9n terminados.   <\/p>\n\n\n\n<div class=\"wp-block-group is-layout-flow wp-block-group-is-layout-flow\">\n<div class=\"wp-block-columns is-layout-flex wp-container-core-columns-is-layout-28f84493 wp-block-columns-is-layout-flex\">\n<div class=\"wp-block-column has-tertiary-background-color has-background is-layout-flow wp-block-column-is-layout-flow\">\n<div class=\"wp-block-group is-layout-flow wp-block-group-is-layout-flow\" style=\"padding-top:var(--wp--preset--spacing--40);padding-right:var(--wp--preset--spacing--40);padding-bottom:var(--wp--preset--spacing--40);padding-left:var(--wp--preset--spacing--40)\">\n<h2 class=\"wp-block-heading\">Divisi\u00f3n 1<\/h2>\n\n\n\n<h3 class=\"wp-block-heading\">7.\u00ba grado<\/h3>\n\n\n\n<ul class=\"wp-block-list\">\n<li>Ingl\u00e9s<\/li>\n\n\n\n<li>Matem\u00e1ticas<\/li>\n\n\n\n<li><a href=\"https:\/\/docs.google.com\/document\/d\/1foaU0e5afr9728v9DWU-feFvH3tvu3ZcEUhlsv5n0hM\/edit?usp=sharing\" target=\"_blank\" rel=\"noreferrer noopener\">Ciencia: Sistemas terrestres<\/a><\/li>\n\n\n\n<li>Estudios sociales<\/li>\n<\/ul>\n\n\n\n<h3 class=\"wp-block-heading\">8.\u00ba grado<\/h3>\n\n\n\n<ul class=\"wp-block-list\">\n<li>Ingl\u00e9s<\/li>\n\n\n\n<li>Matem\u00e1ticas<\/li>\n\n\n\n<li><a href=\"https:\/\/docs.google.com\/document\/d\/1Q63ZpQgNtzm8J4rz4ifkvJzZHSivR7a1ocCjdWiXfRI\/edit?usp=sharing\" target=\"_blank\" rel=\"noreferrer noopener\">Ciencia: Ciencias f\u00edsicas e ingenier\u00eda<\/a><\/li>\n\n\n\n<li>Estudios sociales<\/li>\n<\/ul>\n<\/div>\n<\/div>\n\n\n\n<div class=\"wp-block-column has-base-color has-primary-background-color has-text-color has-background has-link-color wp-elements-6df7db89e6ba0ce9b7ad0794d7f15e5c is-layout-flow wp-block-column-is-layout-flow\">\n<div class=\"wp-block-group is-layout-flow wp-block-group-is-layout-flow\" style=\"padding-top:var(--wp--preset--spacing--40);padding-right:var(--wp--preset--spacing--40);padding-bottom:var(--wp--preset--spacing--40);padding-left:var(--wp--preset--spacing--40)\">\n<h2 class=\"wp-block-heading\">Divisi\u00f3n 2<\/h2>\n\n\n\n<h3 class=\"wp-block-heading\">9.\u00ba grado<\/h3>\n\n\n\n<ul class=\"wp-block-list\">\n<li><a href=\"https:\/\/docs.google.com\/document\/d\/16ZyGP1ahKj7nXzg_1cqC0sd8Sh0WGQKGvtiFpnkoV6w\/edit?usp=sharing\" target=\"_blank\" rel=\"noreferrer noopener\">Ingl\u00e9s: Introducci\u00f3n a la escritura y la literatura<\/a><\/li>\n\n\n\n<li>Matem\u00e1ticas: \u00c1lgebra 1<\/li>\n\n\n\n<li><a href=\"https:\/\/docs.google.com\/document\/d\/1m0X_l_7vFvI0bgITsZnKLnUVFLLkuOj-QPrPa8Zt-PM\/edit?usp=sharing\" target=\"_blank\" rel=\"noreferrer noopener\">Ciencia: Ciencias ambientales<\/a><\/li>\n\n\n\n<li>Estudios sociales: Historia de EE. UU. 1<\/li>\n<\/ul>\n\n\n\n<h3 class=\"wp-block-heading\">10.\u00ba grado<\/h3>\n\n\n\n<ul class=\"wp-block-list\">\n<li><a href=\"https:\/\/docs.google.com\/document\/d\/1a5P94P0EreHWee6iibHFpcXmzhLih3yYqU2fjTJeoqM\/edit?usp=sharing\" target=\"_blank\" rel=\"noreferrer noopener\">Ingl\u00e9s: Literatura estadounidense<\/a><\/li>\n\n\n\n<li>Matem\u00e1ticas: Geometr\u00eda<\/li>\n\n\n\n<li><a href=\"https:\/\/docs.google.com\/document\/d\/1do6iuEvLj7Em0lCO7ehWrlJZtGoR_-klQUPXqWknxwk\/edit?usp=sharing\" target=\"_blank\" rel=\"noreferrer noopener\">Ciencia: Biolog\u00eda<\/a><\/li>\n\n\n\n<li><a href=\"https:\/\/docs.google.com\/document\/d\/1Aup6X60N_PgKC7zPVusOP4Q6uNfCNTUBxdld_TurlaY\/edit?usp=sharing\" target=\"_blank\" rel=\"noreferrer noopener\">Estudios sociales: Historia de EE. UU. 2<\/a><\/li>\n<\/ul>\n<\/div>\n<\/div>\n\n\n\n<div class=\"wp-block-column has-base-color has-secondary-background-color has-text-color has-background has-link-color wp-elements-2f402247a95f8ac320d3bf67c8e65847 is-layout-flow wp-block-column-is-layout-flow\">\n<div class=\"wp-block-group is-layout-flow wp-block-group-is-layout-flow\" style=\"padding-top:var(--wp--preset--spacing--40);padding-right:var(--wp--preset--spacing--40);padding-bottom:var(--wp--preset--spacing--40);padding-left:var(--wp--preset--spacing--40)\">\n<h2 class=\"wp-block-heading\">Divisi\u00f3n 3<\/h2>\n\n\n\n<h3 class=\"wp-block-heading\">11.\u00ba grado<\/h3>\n\n\n\n<ul class=\"wp-block-list\">\n<li><a href=\"https:\/\/docs.google.com\/document\/d\/1Dyan3Jutn-2haJeG_PmwjY-HrlV-zHFCXtanv2PvklI\/edit?usp=sharing\" target=\"_blank\" rel=\"noreferrer noopener\">Ingl\u00e9s: Literatura comparada<\/a><\/li>\n\n\n\n<li><a href=\"https:\/\/docs.google.com\/document\/d\/1A_gyu-Or9HKasZK1e9IFg-Hcb5IZk04KA66RjCFf_Fg\/edit?usp=sharing\" target=\"_blank\" rel=\"noreferrer noopener\">Matem\u00e1ticas: \u00c1lgebra 2<\/a><\/li>\n\n\n\n<li>Ciencia: Qu\u00edmica<\/li>\n\n\n\n<li>Estudios sociales: Historia mundial 1<\/li>\n<\/ul>\n\n\n\n<h3 class=\"wp-block-heading\">12.\u00ba grado<\/h3>\n\n\n\n<ul class=\"wp-block-list\">\n<li><a href=\"https:\/\/docs.google.com\/document\/d\/1XMwjidob5KM6cPmFegNWVOI1u7dXeJID2APJUmrCSd0\/edit?usp=sharing\" target=\"_blank\" rel=\"noreferrer noopener\">Ingl\u00e9s: Escritura expositiva y creativa<\/a><\/li>\n\n\n\n<li>Matem\u00e1ticas: <a href=\"https:\/\/docs.google.com\/document\/d\/1rp0F8bQjGK9GAeMqKHOP4MCevWtIcIc9APcFvUlDcb4\/edit?usp=sharing\" target=\"_blank\" rel=\"noreferrer noopener\">Prec\u00e1lculo<\/a> y ciencia de datos<\/li>\n\n\n\n<li>Ciencia: F\u00edsica<\/li>\n\n\n\n<li>Estudios sociales: C\u00edvica<\/li>\n<\/ul>\n<\/div>\n<\/div>\n<\/div>\n<\/div>\n<\/div>\n","protected":false},"excerpt":{"rendered":"<p>El plan de estudios acad\u00e9mico de Four Rivers Charter Public School est\u00e1 alineado con los marcos curriculares de Massachusetts para Lengua y Literatura Inglesas, Matem\u00e1ticas, Ciencia y Tecnolog\u00eda, Historia y Ciencias Sociales, Espa\u00f1ol y Bienestar. Sin embargo, su forma real proviene de nuestro profesorado, que trabaja en conjunto para moldear la misi\u00f3n de Four Rivers, [&hellip;]<\/p>\n","protected":false},"author":1,"featured_media":0,"parent":0,"menu_order":0,"comment_status":"closed","ping_status":"closed","template":"","meta":{"footnotes":""},"folder":[],"class_list":["post-1743","page","type-page","status-publish","hentry"],"_links":{"self":[{"href":"https:\/\/new24.fourriverscharter.org\/es\/wp-json\/wp\/v2\/pages\/1743","targetHints":{"allow":["GET"]}}],"collection":[{"href":"https:\/\/new24.fourriverscharter.org\/es\/wp-json\/wp\/v2\/pages"}],"about":[{"href":"https:\/\/new24.fourriverscharter.org\/es\/wp-json\/wp\/v2\/types\/page"}],"author":[{"embeddable":true,"href":"https:\/\/new24.fourriverscharter.org\/es\/wp-json\/wp\/v2\/users\/1"}],"replies":[{"embeddable":true,"href":"https:\/\/new24.fourriverscharter.org\/es\/wp-json\/wp\/v2\/comments?post=1743"}],"version-history":[{"count":1,"href":"https:\/\/new24.fourriverscharter.org\/es\/wp-json\/wp\/v2\/pages\/1743\/revisions"}],"predecessor-version":[{"id":1744,"href":"https:\/\/new24.fourriverscharter.org\/es\/wp-json\/wp\/v2\/pages\/1743\/revisions\/1744"}],"wp:attachment":[{"href":"https:\/\/new24.fourriverscharter.org\/es\/wp-json\/wp\/v2\/media?parent=1743"}],"wp:term":[{"taxonomy":"folder","embeddable":true,"href":"https:\/\/new24.fourriverscharter.org\/es\/wp-json\/wp\/v2\/folder?post=1743"}],"curies":[{"name":"wp","href":"https:\/\/api.w.org\/{rel}","templated":true}]}}